{"id":621,"date":"2016-03-24T10:37:20","date_gmt":"2016-03-24T10:37:20","guid":{"rendered":"http:\/\/ferienwohnungen-dollern.de\/?page_id=621"},"modified":"2020-05-25T21:56:59","modified_gmt":"2020-05-25T21:56:59","slug":"jugend-3","status":"publish","type":"page","link":"https:\/\/dollernersc.de\/?page_id=621","title":{"rendered":"m\u00e4nnliche Jugend"},"content":{"rendered":"<h2 class=\"menu-hauptmenu-container\"><span style=\"text-decoration: underline;\">Hier geht es entlang<\/span><\/h2>\n<h1>m\u00e4nnliche Jugend<\/h1>\n<ul>\n<li>\n<h4><a href=\"https:\/\/dollernersc.de\/?page_id=128\">Handball-Ballgew\u00f6hnung<\/a><\/h4>\n<\/li>\n<li>\n<h4><a href=\"https:\/\/dollernersc.de\/?page_id=125\">Mini-Handball<\/a><\/h4>\n<\/li>\n<li>\n<h4><a href=\"https:\/\/dollernersc.de\/?page_id=3097\">m\u00e4nnliche F-Jugend (Maxis)<\/a><\/h4>\n<\/li>\n<li>\n<h4><a href=\"https:\/\/dollernersc.de\/?page_id=2512\">m\u00e4nnliche E-Jugend<\/a><\/h4>\n<\/li>\n<li>\n<h4><a href=\"https:\/\/dollernersc.de\/?page_id=368\">m\u00e4nnliche D-Jugend<\/a><\/h4>\n<\/li>\n<li>\n<h4><a href=\"https:\/\/dollernersc.de\/?page_id=957\">m\u00e4nnliche C-Jugend<\/a><\/h4>\n<\/li>\n<\/ul>\n<div id=\"nav_menu-4\" class=\"sidebarbox widget_nav_menu\"><\/div>\n<h1 style=\"text-align: center;\">Das ist Handball<\/h1>\n<p><iframe loading=\"lazy\" src=\"https:\/\/www.youtube.com\/embed\/fDLTh7xfusk?rel=0\" width=\"560\" height=\"315\" frameborder=\"0\" allowfullscreen=\"allowfullscreen\"><\/iframe><br \/>\n<iframe loading=\"lazy\" src=\"https:\/\/www.youtube.com\/embed\/XEObwwFSCcE?rel=0\" width=\"560\" height=\"315\" frameborder=\"0\" allowfullscreen=\"allowfullscreen\"><\/iframe><\/p>\n","protected":false},"excerpt":{"rendered":"<p>Hier geht es entlang m\u00e4nnliche Jugend Handball-Ballgew\u00f6hnung Mini-Handball m\u00e4nnliche F-Jugend (Maxis) m\u00e4nnliche E-Jugend m\u00e4nnliche D-Jugend m\u00e4nnliche C-Jugend Das ist Handball<\/p>\n","protected":false},"author":1,"featured_media":0,"parent":0,"menu_order":0,"comment_status":"closed","ping_status":"closed","template":"page-with-sidebar.php","meta":{"footnotes":""},"yoast_head":"<!-- This site is optimized with the Yoast SEO plugin v22.9 - https:\/\/yoast.com\/wordpress\/plugins\/seo\/ -->\n<title>m\u00e4nnliche Jugend - Dollerner Sport-Club e.V.<\/title>\n<meta name=\"robots\" content=\"index, follow, max-snippet:-1, max-image-preview:large, max-video-preview:-1\" \/>\n<link rel=\"canonical\" href=\"https:\/\/dollernersc.de\/?page_id=621\" \/>\n<meta property=\"og:locale\" content=\"de_DE\" \/>\n<meta property=\"og:type\" content=\"article\" \/>\n<meta property=\"og:title\" content=\"m\u00e4nnliche Jugend - Dollerner Sport-Club e.V.\" \/>\n<meta property=\"og:description\" content=\"Hier geht es entlang m\u00e4nnliche Jugend Handball-Ballgew\u00f6hnung Mini-Handball m\u00e4nnliche F-Jugend (Maxis) m\u00e4nnliche E-Jugend m\u00e4nnliche D-Jugend m\u00e4nnliche C-Jugend Das ist Handball\" \/>\n<meta property=\"og:url\" content=\"https:\/\/dollernersc.de\/?page_id=621\" \/>\n<meta property=\"og:site_name\" content=\"Dollerner Sport-Club e.V.\" \/>\n<meta property=\"article:modified_time\" content=\"2020-05-25T21:56:59+00:00\" \/>\n<meta name=\"twitter:card\" content=\"summary_large_image\" \/>\n<script type=\"application\/ld+json\" class=\"yoast-schema-graph\">{\"@context\":\"https:\/\/schema.org\",\"@graph\":[{\"@type\":\"WebPage\",\"@id\":\"https:\/\/dollernersc.de\/?page_id=621\",\"url\":\"https:\/\/dollernersc.de\/?page_id=621\",\"name\":\"m\u00e4nnliche Jugend - Dollerner Sport-Club e.V.\",\"isPartOf\":{\"@id\":\"https:\/\/dollernersc.de\/#website\"},\"datePublished\":\"2016-03-24T10:37:20+00:00\",\"dateModified\":\"2020-05-25T21:56:59+00:00\",\"breadcrumb\":{\"@id\":\"https:\/\/dollernersc.de\/?page_id=621#breadcrumb\"},\"inLanguage\":\"de\",\"potentialAction\":[{\"@type\":\"ReadAction\",\"target\":[\"https:\/\/dollernersc.de\/?page_id=621\"]}]},{\"@type\":\"BreadcrumbList\",\"@id\":\"https:\/\/dollernersc.de\/?page_id=621#breadcrumb\",\"itemListElement\":[{\"@type\":\"ListItem\",\"position\":1,\"name\":\"Startseite\",\"item\":\"https:\/\/dollernersc.de\/\"},{\"@type\":\"ListItem\",\"position\":2,\"name\":\"m\u00e4nnliche Jugend\"}]},{\"@type\":\"WebSite\",\"@id\":\"https:\/\/dollernersc.de\/#website\",\"url\":\"https:\/\/dollernersc.de\/\",\"name\":\"Dollerner Sport-Club e.V.\",\"description\":\"\",\"potentialAction\":[{\"@type\":\"SearchAction\",\"target\":{\"@type\":\"EntryPoint\",\"urlTemplate\":\"https:\/\/dollernersc.de\/?s={search_term_string}\"},\"query-input\":\"required name=search_term_string\"}],\"inLanguage\":\"de\"}]}<\/script>\n<!-- \/ Yoast SEO plugin. -->","yoast_head_json":{"title":"m\u00e4nnliche Jugend - Dollerner Sport-Club e.V.","robots":{"index":"index","follow":"follow","max-snippet":"max-snippet:-1","max-image-preview":"max-image-preview:large","max-video-preview":"max-video-preview:-1"},"canonical":"https:\/\/dollernersc.de\/?page_id=621","og_locale":"de_DE","og_type":"article","og_title":"m\u00e4nnliche Jugend - Dollerner Sport-Club e.V.","og_description":"Hier geht es entlang m\u00e4nnliche Jugend Handball-Ballgew\u00f6hnung Mini-Handball m\u00e4nnliche F-Jugend (Maxis) m\u00e4nnliche E-Jugend m\u00e4nnliche D-Jugend m\u00e4nnliche C-Jugend Das ist Handball","og_url":"https:\/\/dollernersc.de\/?page_id=621","og_site_name":"Dollerner Sport-Club e.V.","article_modified_time":"2020-05-25T21:56:59+00:00","twitter_card":"summary_large_image","schema":{"@context":"https:\/\/schema.org","@graph":[{"@type":"WebPage","@id":"https:\/\/dollernersc.de\/?page_id=621","url":"https:\/\/dollernersc.de\/?page_id=621","name":"m\u00e4nnliche Jugend - Dollerner Sport-Club e.V.","isPartOf":{"@id":"https:\/\/dollernersc.de\/#website"},"datePublished":"2016-03-24T10:37:20+00:00","dateModified":"2020-05-25T21:56:59+00:00","breadcrumb":{"@id":"https:\/\/dollernersc.de\/?page_id=621#breadcrumb"},"inLanguage":"de","potentialAction":[{"@type":"ReadAction","target":["https:\/\/dollernersc.de\/?page_id=621"]}]},{"@type":"BreadcrumbList","@id":"https:\/\/dollernersc.de\/?page_id=621#breadcrumb","itemListElement":[{"@type":"ListItem","position":1,"name":"Startseite","item":"https:\/\/dollernersc.de\/"},{"@type":"ListItem","position":2,"name":"m\u00e4nnliche Jugend"}]},{"@type":"WebSite","@id":"https:\/\/dollernersc.de\/#website","url":"https:\/\/dollernersc.de\/","name":"Dollerner Sport-Club e.V.","description":"","potentialAction":[{"@type":"SearchAction","target":{"@type":"EntryPoint","urlTemplate":"https:\/\/dollernersc.de\/?s={search_term_string}"},"query-input":"required name=search_term_string"}],"inLanguage":"de"}]}},"_links":{"self":[{"href":"https:\/\/dollernersc.de\/index.php?rest_route=\/wp\/v2\/pages\/621"}],"collection":[{"href":"https:\/\/dollernersc.de\/index.php?rest_route=\/wp\/v2\/pages"}],"about":[{"href":"https:\/\/dollernersc.de\/index.php?rest_route=\/wp\/v2\/types\/page"}],"author":[{"embeddable":true,"href":"https:\/\/dollernersc.de\/index.php?rest_route=\/wp\/v2\/users\/1"}],"replies":[{"embeddable":true,"href":"https:\/\/dollernersc.de\/index.php?rest_route=%2Fwp%2Fv2%2Fcomments&post=621"}],"version-history":[{"count":2,"href":"https:\/\/dollernersc.de\/index.php?rest_route=\/wp\/v2\/pages\/621\/revisions"}],"predecessor-version":[{"id":5116,"href":"https:\/\/dollernersc.de\/index.php?rest_route=\/wp\/v2\/pages\/621\/revisions\/5116"}],"wp:attachment":[{"href":"https:\/\/dollernersc.de\/index.php?rest_route=%2Fwp%2Fv2%2Fmedia&parent=621"}],"curies":[{"name":"wp","href":"https:\/\/api.w.org\/{rel}","templated":true}]}}