{"id":5559,"date":"2022-04-09T22:37:16","date_gmt":"2022-04-09T20:37:16","guid":{"rendered":"https:\/\/dollernersc.de\/?page_id=5559"},"modified":"2025-01-09T20:53:15","modified_gmt":"2025-01-09T19:53:15","slug":"fitkids","status":"publish","type":"page","link":"https:\/\/dollernersc.de\/?page_id=5559","title":{"rendered":"Fit-Kids"},"content":{"rendered":"\n<figure class=\"wp-block-gallery has-nested-images columns-default is-cropped wp-block-gallery-1 is-layout-flex wp-block-gallery-is-layout-flex\">\n<figure class=\"wp-block-image size-large\"><img loading=\"lazy\" decoding=\"async\" width=\"1024\" height=\"872\" data-id=\"5588\" src=\"https:\/\/dollernersc.de\/wp-content\/uploads\/2022\/04\/07B88E64-AC73-46F6-A8DD-8959FB0002CC-1024x872.jpeg\" alt=\"\" class=\"wp-image-5588\" srcset=\"https:\/\/dollernersc.de\/wp-content\/uploads\/2022\/04\/07B88E64-AC73-46F6-A8DD-8959FB0002CC-1024x872.jpeg 1024w, https:\/\/dollernersc.de\/wp-content\/uploads\/2022\/04\/07B88E64-AC73-46F6-A8DD-8959FB0002CC-300x255.jpeg 300w, https:\/\/dollernersc.de\/wp-content\/uploads\/2022\/04\/07B88E64-AC73-46F6-A8DD-8959FB0002CC-768x654.jpeg 768w, https:\/\/dollernersc.de\/wp-content\/uploads\/2022\/04\/07B88E64-AC73-46F6-A8DD-8959FB0002CC-1536x1308.jpeg 1536w, https:\/\/dollernersc.de\/wp-content\/uploads\/2022\/04\/07B88E64-AC73-46F6-A8DD-8959FB0002CC-2048x1744.jpeg 2048w\" sizes=\"(max-width: 1024px) 100vw, 1024px\" \/><figcaption class=\"wp-element-caption\"><strong>Fit-Kids1<\/strong><\/figcaption><\/figure>\n\n\n\n<figure class=\"wp-block-image size-large\"><img loading=\"lazy\" decoding=\"async\" width=\"1024\" height=\"780\" data-id=\"5589\" src=\"https:\/\/dollernersc.de\/wp-content\/uploads\/2022\/04\/403E345F-DBD9-49C5-8027-59F02D055EBE-1024x780.jpeg\" alt=\"\" class=\"wp-image-5589\" srcset=\"https:\/\/dollernersc.de\/wp-content\/uploads\/2022\/04\/403E345F-DBD9-49C5-8027-59F02D055EBE-1024x780.jpeg 1024w, https:\/\/dollernersc.de\/wp-content\/uploads\/2022\/04\/403E345F-DBD9-49C5-8027-59F02D055EBE-300x228.jpeg 300w, https:\/\/dollernersc.de\/wp-content\/uploads\/2022\/04\/403E345F-DBD9-49C5-8027-59F02D055EBE-768x585.jpeg 768w, https:\/\/dollernersc.de\/wp-content\/uploads\/2022\/04\/403E345F-DBD9-49C5-8027-59F02D055EBE-1536x1170.jpeg 1536w, https:\/\/dollernersc.de\/wp-content\/uploads\/2022\/04\/403E345F-DBD9-49C5-8027-59F02D055EBE-2048x1559.jpeg 2048w\" sizes=\"(max-width: 1024px) 100vw, 1024px\" \/><figcaption class=\"wp-element-caption\"><strong>Fit-Kids2<\/strong><\/figcaption><\/figure>\n<\/figure>\n\n\n\n<figure class=\"wp-block-gallery has-nested-images columns-default is-cropped wp-block-gallery-2 is-layout-flex wp-block-gallery-is-layout-flex\">\n<figure class=\"wp-block-image size-large\"><img loading=\"lazy\" decoding=\"async\" width=\"711\" height=\"1024\" data-id=\"5587\" src=\"https:\/\/dollernersc.de\/wp-content\/uploads\/2022\/04\/42BB2BEF-367F-4117-9991-4A18C4F318B2-711x1024.jpeg\" alt=\"\" class=\"wp-image-5587\" srcset=\"https:\/\/dollernersc.de\/wp-content\/uploads\/2022\/04\/42BB2BEF-367F-4117-9991-4A18C4F318B2-711x1024.jpeg 711w, https:\/\/dollernersc.de\/wp-content\/uploads\/2022\/04\/42BB2BEF-367F-4117-9991-4A18C4F318B2-208x300.jpeg 208w, https:\/\/dollernersc.de\/wp-content\/uploads\/2022\/04\/42BB2BEF-367F-4117-9991-4A18C4F318B2-768x1106.jpeg 768w, https:\/\/dollernersc.de\/wp-content\/uploads\/2022\/04\/42BB2BEF-367F-4117-9991-4A18C4F318B2-1066x1536.jpeg 1066w, https:\/\/dollernersc.de\/wp-content\/uploads\/2022\/04\/42BB2BEF-367F-4117-9991-4A18C4F318B2-1422x2048.jpeg 1422w, https:\/\/dollernersc.de\/wp-content\/uploads\/2022\/04\/42BB2BEF-367F-4117-9991-4A18C4F318B2-scaled.jpeg 1777w\" sizes=\"(max-width: 711px) 100vw, 711px\" \/><\/figure>\n\n\n\n<figure class=\"wp-block-image size-large\"><img loading=\"lazy\" decoding=\"async\" width=\"768\" height=\"1024\" data-id=\"5584\" src=\"https:\/\/dollernersc.de\/wp-content\/uploads\/2022\/04\/D1574079-A56A-4229-AD77-4101CD867C0B-768x1024.jpeg\" alt=\"\" class=\"wp-image-5584\" srcset=\"https:\/\/dollernersc.de\/wp-content\/uploads\/2022\/04\/D1574079-A56A-4229-AD77-4101CD867C0B-768x1024.jpeg 768w, https:\/\/dollernersc.de\/wp-content\/uploads\/2022\/04\/D1574079-A56A-4229-AD77-4101CD867C0B-225x300.jpeg 225w, https:\/\/dollernersc.de\/wp-content\/uploads\/2022\/04\/D1574079-A56A-4229-AD77-4101CD867C0B-1152x1536.jpeg 1152w, https:\/\/dollernersc.de\/wp-content\/uploads\/2022\/04\/D1574079-A56A-4229-AD77-4101CD867C0B.jpeg 1536w\" sizes=\"(max-width: 768px) 100vw, 768px\" \/><\/figure>\n\n\n\n<figure class=\"wp-block-image size-large\"><img loading=\"lazy\" decoding=\"async\" width=\"828\" height=\"758\" data-id=\"5582\" src=\"https:\/\/dollernersc.de\/wp-content\/uploads\/2022\/04\/36DD6ED6-8638-4624-BD95-ED0A0B44373B.jpeg\" alt=\"\" class=\"wp-image-5582\" srcset=\"https:\/\/dollernersc.de\/wp-content\/uploads\/2022\/04\/36DD6ED6-8638-4624-BD95-ED0A0B44373B.jpeg 828w, https:\/\/dollernersc.de\/wp-content\/uploads\/2022\/04\/36DD6ED6-8638-4624-BD95-ED0A0B44373B-300x275.jpeg 300w, https:\/\/dollernersc.de\/wp-content\/uploads\/2022\/04\/36DD6ED6-8638-4624-BD95-ED0A0B44373B-768x703.jpeg 768w\" sizes=\"(max-width: 828px) 100vw, 828px\" \/><\/figure>\n\n\n\n<figure class=\"wp-block-image size-large\"><img loading=\"lazy\" decoding=\"async\" width=\"645\" height=\"932\" data-id=\"5583\" src=\"https:\/\/dollernersc.de\/wp-content\/uploads\/2022\/04\/BBA54DF3-CCBF-4B2D-A149-927D8384CDE7.jpeg\" alt=\"\" class=\"wp-image-5583\" srcset=\"https:\/\/dollernersc.de\/wp-content\/uploads\/2022\/04\/BBA54DF3-CCBF-4B2D-A149-927D8384CDE7.jpeg 645w, https:\/\/dollernersc.de\/wp-content\/uploads\/2022\/04\/BBA54DF3-CCBF-4B2D-A149-927D8384CDE7-208x300.jpeg 208w\" sizes=\"(max-width: 645px) 100vw, 645px\" \/><\/figure>\n\n\n\n<figure class=\"wp-block-image size-large\"><img loading=\"lazy\" decoding=\"async\" width=\"768\" height=\"1024\" data-id=\"5591\" src=\"https:\/\/dollernersc.de\/wp-content\/uploads\/2022\/04\/5FAE946C-FCFA-47B5-ABA6-C0F833BB71AA-768x1024.jpeg\" alt=\"\" class=\"wp-image-5591\" srcset=\"https:\/\/dollernersc.de\/wp-content\/uploads\/2022\/04\/5FAE946C-FCFA-47B5-ABA6-C0F833BB71AA-768x1024.jpeg 768w, https:\/\/dollernersc.de\/wp-content\/uploads\/2022\/04\/5FAE946C-FCFA-47B5-ABA6-C0F833BB71AA-225x300.jpeg 225w, https:\/\/dollernersc.de\/wp-content\/uploads\/2022\/04\/5FAE946C-FCFA-47B5-ABA6-C0F833BB71AA-1152x1536.jpeg 1152w, https:\/\/dollernersc.de\/wp-content\/uploads\/2022\/04\/5FAE946C-FCFA-47B5-ABA6-C0F833BB71AA.jpeg 1536w\" sizes=\"(max-width: 768px) 100vw, 768px\" \/><\/figure>\n\n\n\n<figure class=\"wp-block-image size-large\"><img loading=\"lazy\" decoding=\"async\" width=\"768\" height=\"1024\" data-id=\"5594\" src=\"https:\/\/dollernersc.de\/wp-content\/uploads\/2022\/04\/ED64AB89-6B2A-412E-8951-F46A93EA504A-768x1024.jpeg\" alt=\"\" class=\"wp-image-5594\" srcset=\"https:\/\/dollernersc.de\/wp-content\/uploads\/2022\/04\/ED64AB89-6B2A-412E-8951-F46A93EA504A-768x1024.jpeg 768w, https:\/\/dollernersc.de\/wp-content\/uploads\/2022\/04\/ED64AB89-6B2A-412E-8951-F46A93EA504A-225x300.jpeg 225w, https:\/\/dollernersc.de\/wp-content\/uploads\/2022\/04\/ED64AB89-6B2A-412E-8951-F46A93EA504A-1152x1536.jpeg 1152w, https:\/\/dollernersc.de\/wp-content\/uploads\/2022\/04\/ED64AB89-6B2A-412E-8951-F46A93EA504A.jpeg 1536w\" sizes=\"(max-width: 768px) 100vw, 768px\" \/><\/figure>\n<\/figure>\n\n\n\n<p>Seit Januar diesen Jahres wird im Sportverein <strong>Fit-Kids<\/strong> angeboten. In dieser Stunde handelt es sich nicht um eine reine Ger\u00e4tturnstunde. Bei <strong>Fit-Kids<\/strong> steht Spa\u00df an der Bewegung im Vordergrund. Die Jungen und M\u00e4dchen trainieren ihre Beweglichkeit und Ausdauer. Wann immer es m\u00f6glich ist, turnen sie sehr gerne an den Ger\u00e4ten und probieren mutig neue Turn- und Gleichgewichts\u00fcbungen aus.<\/p>\n\n\n\n<p>Jeder in diesem Alter ist herzlich willkommen.<\/p>\n\n\n\n<p><\/p>\n\n\n\n<p><strong>Fit-Kids<\/strong> findet in der Zeit von 17 Uhr 18 Uhr donnerstags und\u00a0<\/p>\n\n\n\n<p>Marni Szczudlo Telefon 0151-67650269<\/p>\n\n\n\n<p><\/p>\n\n\n\n<p><strong>+++Nicht-Mitglieder<\/strong> haben jederzeit die M\u00f6glichkeit <strong>kostenlos zur Probe<\/strong> mitzutrainieren. Kommt einfach vorbei, oder wendet Euch an die jeweiligen \u00dcbungsleiter.+++<\/p>\n\n\n\n<p><\/p>\n\n\n\n<p><\/p>\n","protected":false},"excerpt":{"rendered":"<p>Seit Januar diesen Jahres wird im Sportverein Fit-Kids angeboten. In dieser Stunde handelt es sich nicht um eine reine Ger\u00e4tturnstunde. Bei Fit-Kids steht Spa\u00df an der Bewegung im Vordergrund. Die&#8230;<\/p>\n","protected":false},"author":4,"featured_media":0,"parent":0,"menu_order":0,"comment_status":"closed","ping_status":"closed","template":"page-with-sidebar.php","meta":{"footnotes":""},"yoast_head":"<!-- This site is optimized with the Yoast SEO plugin v22.9 - https:\/\/yoast.com\/wordpress\/plugins\/seo\/ -->\n<title>Fit-Kids - Dollerner Sport-Club e.V.<\/title>\n<meta name=\"robots\" content=\"index, follow, max-snippet:-1, max-image-preview:large, max-video-preview:-1\" \/>\n<link rel=\"canonical\" href=\"https:\/\/dollernersc.de\/?page_id=5559\" \/>\n<meta property=\"og:locale\" content=\"de_DE\" \/>\n<meta property=\"og:type\" content=\"article\" \/>\n<meta property=\"og:title\" content=\"Fit-Kids - Dollerner Sport-Club e.V.\" \/>\n<meta property=\"og:description\" content=\"Seit Januar diesen Jahres wird im Sportverein Fit-Kids angeboten. In dieser Stunde handelt es sich nicht um eine reine Ger\u00e4tturnstunde. Bei Fit-Kids steht Spa\u00df an der Bewegung im Vordergrund. Die...\" \/>\n<meta property=\"og:url\" content=\"https:\/\/dollernersc.de\/?page_id=5559\" \/>\n<meta property=\"og:site_name\" content=\"Dollerner Sport-Club e.V.\" \/>\n<meta property=\"article:modified_time\" content=\"2025-01-09T19:53:15+00:00\" \/>\n<meta property=\"og:image\" content=\"https:\/\/dollernersc.de\/wp-content\/uploads\/2022\/04\/07B88E64-AC73-46F6-A8DD-8959FB0002CC-1024x872.jpeg\" \/>\n<meta name=\"twitter:card\" content=\"summary_large_image\" \/>\n<meta name=\"twitter:label1\" content=\"Gesch\u00e4tzte Lesezeit\" \/>\n\t<meta name=\"twitter:data1\" content=\"3\u00a0Minuten\" \/>\n<script type=\"application\/ld+json\" class=\"yoast-schema-graph\">{\"@context\":\"https:\/\/schema.org\",\"@graph\":[{\"@type\":\"WebPage\",\"@id\":\"https:\/\/dollernersc.de\/?page_id=5559\",\"url\":\"https:\/\/dollernersc.de\/?page_id=5559\",\"name\":\"Fit-Kids - Dollerner Sport-Club e.V.\",\"isPartOf\":{\"@id\":\"https:\/\/dollernersc.de\/#website\"},\"primaryImageOfPage\":{\"@id\":\"https:\/\/dollernersc.de\/?page_id=5559#primaryimage\"},\"image\":{\"@id\":\"https:\/\/dollernersc.de\/?page_id=5559#primaryimage\"},\"thumbnailUrl\":\"https:\/\/dollernersc.de\/wp-content\/uploads\/2022\/04\/07B88E64-AC73-46F6-A8DD-8959FB0002CC-1024x872.jpeg\",\"datePublished\":\"2022-04-09T20:37:16+00:00\",\"dateModified\":\"2025-01-09T19:53:15+00:00\",\"breadcrumb\":{\"@id\":\"https:\/\/dollernersc.de\/?page_id=5559#breadcrumb\"},\"inLanguage\":\"de\",\"potentialAction\":[{\"@type\":\"ReadAction\",\"target\":[\"https:\/\/dollernersc.de\/?page_id=5559\"]}]},{\"@type\":\"ImageObject\",\"inLanguage\":\"de\",\"@id\":\"https:\/\/dollernersc.de\/?page_id=5559#primaryimage\",\"url\":\"https:\/\/dollernersc.de\/wp-content\/uploads\/2022\/04\/07B88E64-AC73-46F6-A8DD-8959FB0002CC-1024x872.jpeg\",\"contentUrl\":\"https:\/\/dollernersc.de\/wp-content\/uploads\/2022\/04\/07B88E64-AC73-46F6-A8DD-8959FB0002CC-1024x872.jpeg\"},{\"@type\":\"BreadcrumbList\",\"@id\":\"https:\/\/dollernersc.de\/?page_id=5559#breadcrumb\",\"itemListElement\":[{\"@type\":\"ListItem\",\"position\":1,\"name\":\"Startseite\",\"item\":\"https:\/\/dollernersc.de\/\"},{\"@type\":\"ListItem\",\"position\":2,\"name\":\"Fit-Kids\"}]},{\"@type\":\"WebSite\",\"@id\":\"https:\/\/dollernersc.de\/#website\",\"url\":\"https:\/\/dollernersc.de\/\",\"name\":\"Dollerner Sport-Club e.V.\",\"description\":\"\",\"potentialAction\":[{\"@type\":\"SearchAction\",\"target\":{\"@type\":\"EntryPoint\",\"urlTemplate\":\"https:\/\/dollernersc.de\/?s={search_term_string}\"},\"query-input\":\"required name=search_term_string\"}],\"inLanguage\":\"de\"}]}<\/script>\n<!-- \/ Yoast SEO plugin. -->","yoast_head_json":{"title":"Fit-Kids - Dollerner Sport-Club e.V.","robots":{"index":"index","follow":"follow","max-snippet":"max-snippet:-1","max-image-preview":"max-image-preview:large","max-video-preview":"max-video-preview:-1"},"canonical":"https:\/\/dollernersc.de\/?page_id=5559","og_locale":"de_DE","og_type":"article","og_title":"Fit-Kids - Dollerner Sport-Club e.V.","og_description":"Seit Januar diesen Jahres wird im Sportverein Fit-Kids angeboten. In dieser Stunde handelt es sich nicht um eine reine Ger\u00e4tturnstunde. Bei Fit-Kids steht Spa\u00df an der Bewegung im Vordergrund. Die...","og_url":"https:\/\/dollernersc.de\/?page_id=5559","og_site_name":"Dollerner Sport-Club e.V.","article_modified_time":"2025-01-09T19:53:15+00:00","og_image":[{"url":"https:\/\/dollernersc.de\/wp-content\/uploads\/2022\/04\/07B88E64-AC73-46F6-A8DD-8959FB0002CC-1024x872.jpeg"}],"twitter_card":"summary_large_image","twitter_misc":{"Gesch\u00e4tzte Lesezeit":"3\u00a0Minuten"},"schema":{"@context":"https:\/\/schema.org","@graph":[{"@type":"WebPage","@id":"https:\/\/dollernersc.de\/?page_id=5559","url":"https:\/\/dollernersc.de\/?page_id=5559","name":"Fit-Kids - Dollerner Sport-Club e.V.","isPartOf":{"@id":"https:\/\/dollernersc.de\/#website"},"primaryImageOfPage":{"@id":"https:\/\/dollernersc.de\/?page_id=5559#primaryimage"},"image":{"@id":"https:\/\/dollernersc.de\/?page_id=5559#primaryimage"},"thumbnailUrl":"https:\/\/dollernersc.de\/wp-content\/uploads\/2022\/04\/07B88E64-AC73-46F6-A8DD-8959FB0002CC-1024x872.jpeg","datePublished":"2022-04-09T20:37:16+00:00","dateModified":"2025-01-09T19:53:15+00:00","breadcrumb":{"@id":"https:\/\/dollernersc.de\/?page_id=5559#breadcrumb"},"inLanguage":"de","potentialAction":[{"@type":"ReadAction","target":["https:\/\/dollernersc.de\/?page_id=5559"]}]},{"@type":"ImageObject","inLanguage":"de","@id":"https:\/\/dollernersc.de\/?page_id=5559#primaryimage","url":"https:\/\/dollernersc.de\/wp-content\/uploads\/2022\/04\/07B88E64-AC73-46F6-A8DD-8959FB0002CC-1024x872.jpeg","contentUrl":"https:\/\/dollernersc.de\/wp-content\/uploads\/2022\/04\/07B88E64-AC73-46F6-A8DD-8959FB0002CC-1024x872.jpeg"},{"@type":"BreadcrumbList","@id":"https:\/\/dollernersc.de\/?page_id=5559#breadcrumb","itemListElement":[{"@type":"ListItem","position":1,"name":"Startseite","item":"https:\/\/dollernersc.de\/"},{"@type":"ListItem","position":2,"name":"Fit-Kids"}]},{"@type":"WebSite","@id":"https:\/\/dollernersc.de\/#website","url":"https:\/\/dollernersc.de\/","name":"Dollerner Sport-Club e.V.","description":"","potentialAction":[{"@type":"SearchAction","target":{"@type":"EntryPoint","urlTemplate":"https:\/\/dollernersc.de\/?s={search_term_string}"},"query-input":"required name=search_term_string"}],"inLanguage":"de"}]}},"_links":{"self":[{"href":"https:\/\/dollernersc.de\/index.php?rest_route=\/wp\/v2\/pages\/5559"}],"collection":[{"href":"https:\/\/dollernersc.de\/index.php?rest_route=\/wp\/v2\/pages"}],"about":[{"href":"https:\/\/dollernersc.de\/index.php?rest_route=\/wp\/v2\/types\/page"}],"author":[{"embeddable":true,"href":"https:\/\/dollernersc.de\/index.php?rest_route=\/wp\/v2\/users\/4"}],"replies":[{"embeddable":true,"href":"https:\/\/dollernersc.de\/index.php?rest_route=%2Fwp%2Fv2%2Fcomments&post=5559"}],"version-history":[{"count":14,"href":"https:\/\/dollernersc.de\/index.php?rest_route=\/wp\/v2\/pages\/5559\/revisions"}],"predecessor-version":[{"id":5995,"href":"https:\/\/dollernersc.de\/index.php?rest_route=\/wp\/v2\/pages\/5559\/revisions\/5995"}],"wp:attachment":[{"href":"https:\/\/dollernersc.de\/index.php?rest_route=%2Fwp%2Fv2%2Fmedia&parent=5559"}],"curies":[{"name":"wp","href":"https:\/\/api.w.org\/{rel}","templated":true}]}}