{"id":3958,"date":"2018-11-16T15:06:43","date_gmt":"2018-11-16T15:06:43","guid":{"rendered":"http:\/\/ferienwohnungen-dollern.de\/?page_id=3958"},"modified":"2022-09-29T12:42:19","modified_gmt":"2022-09-29T10:42:19","slug":"sportabzeichen-2","status":"publish","type":"page","link":"https:\/\/dollernersc.de\/?page_id=3958","title":{"rendered":"Sportabzeichen"},"content":{"rendered":"\n<h2 class=\"has-text-align-center wp-block-heading\">Sportabzeichen<\/h2>\n\n\n\n<div class=\"wp-block-image\"><figure class=\"aligncenter size-medium is-resized\"><img loading=\"lazy\" decoding=\"async\" src=\"https:\/\/dollernersc.de\/wp-content\/uploads\/2020\/05\/Sportabzeichen-768x697-1-300x272.png\" alt=\"\" class=\"wp-image-4999\" width=\"272\" height=\"247\" srcset=\"https:\/\/dollernersc.de\/wp-content\/uploads\/2020\/05\/Sportabzeichen-768x697-1-300x272.png 300w, https:\/\/dollernersc.de\/wp-content\/uploads\/2020\/05\/Sportabzeichen-768x697-1.png 768w\" sizes=\"(max-width: 272px) 100vw, 272px\" \/><\/figure><\/div>\n\n\n\n<p>Das Deutsche Sportabzeichen ist eine Auszeichnung des Deutschen Olympischen Sportbundes (DOSB). Es ist die h\u00f6chste Auszeichnung au\u00dferhalb des Wettkampfsports und wird als Leistungsabzeichen f\u00fcr \u00fcberdurchschnittliche und vielseitige k\u00f6rperliche Leistungsf\u00e4higkeit verliehen. Die zu erbringenden Leistungen orientieren sich an den motorischen Grundf\u00e4higkeiten&nbsp;Ausdauer, Kraft, Schnelligkeit und Koordination. Aus jeder dieser Disziplingruppen muss eine \u00dcbung erfolgreich abgeschlossen werden (Leistungsstufe Bronze). Der Nachweis der Schwimmfertigkeit ist notwendige Voraussetzung f\u00fcr den Erwerb des Deutschen Sportabzeichens.<\/p>\n\n\n\n<p>Das Deutsche Sportabzeichen kann von M\u00e4nnern und Frauen sowohl in der Bundesrepublik Deutschland als auch im Ausland erworben werden. Voraussetzung ist das erfolgreiche Absolvieren der geforderten Leistungen. Die Verleihung erfolgt durch die Ausstellung einer Urkunde. \u00a0Der Dollerner Sport-Club bietet Euch zur Vorbereitung und Abnahme fachkundige Anleitung, verf\u00fcgt \u00fcber die notwendigen Einrichtungen und Ger\u00e4te und die geeigneten Sportanlagen. Von 1986 bis 2018 hat der DSC bereits 850 erfolgreiche Sportabzeichenabnahmen vermelden k\u00f6nnen. Hinsichtlich der Anzahl der Abnahmen in Relation zur Vereinsgr\u00f6\u00dfe findet sich in den Statistiken des Kreissportbundes Stade nachhaltig auf den vordersten Pl\u00e4tzen. Sportabzeichen-Trainings und -Abnahmen finden auf unseren Sportanlagen am Tannenweg statt. Termine nach Absprache.<\/p>\n\n\n\n<h3 class=\"has-text-align-center wp-block-heading\">Ansprechpartner<\/h3>\n\n\n\n<p class=\"has-text-align-center\">Marni Szczudlo Telefon 0151-67650269<\/p>\n\n\n\n<p class=\"has-text-align-center Normaler_Text\"><\/p>\n\n\n\n<h3 class=\"has-text-align-center wp-block-heading\">Video<\/h3>\n\n\n\n<iframe loading=\"lazy\" src=\"https:\/\/www.youtube-nocookie.com\/embed\/AKAVa7TX3xg\" allow=\"accelerometer; autoplay; encrypted-media; gyroscope; picture-in-picture\" allowfullscreen=\"\" width=\"560\" height=\"315\" frameborder=\"0\"><\/iframe>\n\n\n\n<div style=\"height:34px\" aria-hidden=\"true\" class=\"wp-block-spacer\"><\/div>\n\n\n\n<h3 class=\"has-text-align-center wp-block-heading\">Download-Pr\u00fcfungswegweiser<\/h3>\n\n\n\n<div class=\"wp-block-image\"><figure class=\"aligncenter size-medium is-resized\"><a href=\"https:\/\/dollernersc.de\/wp-content\/uploads\/2020\/05\/DSA_PWW_2018_SCREEN.pdf\"><img loading=\"lazy\" decoding=\"async\" src=\"https:\/\/dollernersc.de\/wp-content\/uploads\/2020\/05\/csm_DSA_PWW_2018_16f12a4272-300x300.jpg\" alt=\"\" class=\"wp-image-5001\" width=\"209\" height=\"209\" srcset=\"https:\/\/dollernersc.de\/wp-content\/uploads\/2020\/05\/csm_DSA_PWW_2018_16f12a4272.jpg 300w, https:\/\/dollernersc.de\/wp-content\/uploads\/2020\/05\/csm_DSA_PWW_2018_16f12a4272-150x150.jpg 150w\" sizes=\"(max-width: 209px) 100vw, 209px\" \/><\/a><\/figure><\/div>\n\n\n\n<div style=\"height:62px\" aria-hidden=\"true\" class=\"wp-block-spacer\"><\/div>\n\n\n\n<h3 class=\"has-text-align-center wp-block-heading\"><\/h3>\n","protected":false},"excerpt":{"rendered":"<p>Sportabzeichen Das Deutsche Sportabzeichen ist eine Auszeichnung des Deutschen Olympischen Sportbundes (DOSB). Es ist die h\u00f6chste Auszeichnung au\u00dferhalb des Wettkampfsports und wird als Leistungsabzeichen f\u00fcr \u00fcberdurchschnittliche und vielseitige k\u00f6rperliche Leistungsf\u00e4higkeit&#8230;<\/p>\n","protected":false},"author":1,"featured_media":0,"parent":0,"menu_order":0,"comment_status":"closed","ping_status":"closed","template":"page-with-sidebar.php","meta":{"footnotes":""},"yoast_head":"<!-- This site is optimized with the Yoast SEO plugin v22.9 - https:\/\/yoast.com\/wordpress\/plugins\/seo\/ -->\n<title>Sportabzeichen - Dollerner Sport-Club e.V.<\/title>\n<meta name=\"robots\" content=\"index, follow, max-snippet:-1, max-image-preview:large, max-video-preview:-1\" \/>\n<link rel=\"canonical\" href=\"https:\/\/dollernersc.de\/?page_id=3958\" \/>\n<meta property=\"og:locale\" content=\"de_DE\" \/>\n<meta property=\"og:type\" content=\"article\" \/>\n<meta property=\"og:title\" content=\"Sportabzeichen - Dollerner Sport-Club e.V.\" \/>\n<meta property=\"og:description\" content=\"Sportabzeichen Das Deutsche Sportabzeichen ist eine Auszeichnung des Deutschen Olympischen Sportbundes (DOSB). Es ist die h\u00f6chste Auszeichnung au\u00dferhalb des Wettkampfsports und wird als Leistungsabzeichen f\u00fcr \u00fcberdurchschnittliche und vielseitige k\u00f6rperliche Leistungsf\u00e4higkeit...\" \/>\n<meta property=\"og:url\" content=\"https:\/\/dollernersc.de\/?page_id=3958\" \/>\n<meta property=\"og:site_name\" content=\"Dollerner Sport-Club e.V.\" \/>\n<meta property=\"article:modified_time\" content=\"2022-09-29T10:42:19+00:00\" \/>\n<meta property=\"og:image\" content=\"https:\/\/dollernersc.de\/wp-content\/uploads\/2020\/05\/Sportabzeichen-768x697-1-300x272.png\" \/>\n<meta name=\"twitter:card\" content=\"summary_large_image\" \/>\n<meta name=\"twitter:label1\" content=\"Gesch\u00e4tzte Lesezeit\" \/>\n\t<meta name=\"twitter:data1\" content=\"2\u00a0Minuten\" \/>\n<script type=\"application\/ld+json\" class=\"yoast-schema-graph\">{\"@context\":\"https:\/\/schema.org\",\"@graph\":[{\"@type\":\"WebPage\",\"@id\":\"https:\/\/dollernersc.de\/?page_id=3958\",\"url\":\"https:\/\/dollernersc.de\/?page_id=3958\",\"name\":\"Sportabzeichen - Dollerner Sport-Club e.V.\",\"isPartOf\":{\"@id\":\"https:\/\/dollernersc.de\/#website\"},\"primaryImageOfPage\":{\"@id\":\"https:\/\/dollernersc.de\/?page_id=3958#primaryimage\"},\"image\":{\"@id\":\"https:\/\/dollernersc.de\/?page_id=3958#primaryimage\"},\"thumbnailUrl\":\"https:\/\/dollernersc.de\/wp-content\/uploads\/2020\/05\/Sportabzeichen-768x697-1-300x272.png\",\"datePublished\":\"2018-11-16T15:06:43+00:00\",\"dateModified\":\"2022-09-29T10:42:19+00:00\",\"breadcrumb\":{\"@id\":\"https:\/\/dollernersc.de\/?page_id=3958#breadcrumb\"},\"inLanguage\":\"de\",\"potentialAction\":[{\"@type\":\"ReadAction\",\"target\":[\"https:\/\/dollernersc.de\/?page_id=3958\"]}]},{\"@type\":\"ImageObject\",\"inLanguage\":\"de\",\"@id\":\"https:\/\/dollernersc.de\/?page_id=3958#primaryimage\",\"url\":\"https:\/\/dollernersc.de\/wp-content\/uploads\/2020\/05\/Sportabzeichen-768x697-1.png\",\"contentUrl\":\"https:\/\/dollernersc.de\/wp-content\/uploads\/2020\/05\/Sportabzeichen-768x697-1.png\",\"width\":768,\"height\":697},{\"@type\":\"BreadcrumbList\",\"@id\":\"https:\/\/dollernersc.de\/?page_id=3958#breadcrumb\",\"itemListElement\":[{\"@type\":\"ListItem\",\"position\":1,\"name\":\"Startseite\",\"item\":\"https:\/\/dollernersc.de\/\"},{\"@type\":\"ListItem\",\"position\":2,\"name\":\"Sportabzeichen\"}]},{\"@type\":\"WebSite\",\"@id\":\"https:\/\/dollernersc.de\/#website\",\"url\":\"https:\/\/dollernersc.de\/\",\"name\":\"Dollerner Sport-Club e.V.\",\"description\":\"\",\"potentialAction\":[{\"@type\":\"SearchAction\",\"target\":{\"@type\":\"EntryPoint\",\"urlTemplate\":\"https:\/\/dollernersc.de\/?s={search_term_string}\"},\"query-input\":\"required name=search_term_string\"}],\"inLanguage\":\"de\"}]}<\/script>\n<!-- \/ Yoast SEO plugin. -->","yoast_head_json":{"title":"Sportabzeichen - Dollerner Sport-Club e.V.","robots":{"index":"index","follow":"follow","max-snippet":"max-snippet:-1","max-image-preview":"max-image-preview:large","max-video-preview":"max-video-preview:-1"},"canonical":"https:\/\/dollernersc.de\/?page_id=3958","og_locale":"de_DE","og_type":"article","og_title":"Sportabzeichen - Dollerner Sport-Club e.V.","og_description":"Sportabzeichen Das Deutsche Sportabzeichen ist eine Auszeichnung des Deutschen Olympischen Sportbundes (DOSB). Es ist die h\u00f6chste Auszeichnung au\u00dferhalb des Wettkampfsports und wird als Leistungsabzeichen f\u00fcr \u00fcberdurchschnittliche und vielseitige k\u00f6rperliche Leistungsf\u00e4higkeit...","og_url":"https:\/\/dollernersc.de\/?page_id=3958","og_site_name":"Dollerner Sport-Club e.V.","article_modified_time":"2022-09-29T10:42:19+00:00","og_image":[{"url":"https:\/\/dollernersc.de\/wp-content\/uploads\/2020\/05\/Sportabzeichen-768x697-1-300x272.png"}],"twitter_card":"summary_large_image","twitter_misc":{"Gesch\u00e4tzte Lesezeit":"2\u00a0Minuten"},"schema":{"@context":"https:\/\/schema.org","@graph":[{"@type":"WebPage","@id":"https:\/\/dollernersc.de\/?page_id=3958","url":"https:\/\/dollernersc.de\/?page_id=3958","name":"Sportabzeichen - Dollerner Sport-Club e.V.","isPartOf":{"@id":"https:\/\/dollernersc.de\/#website"},"primaryImageOfPage":{"@id":"https:\/\/dollernersc.de\/?page_id=3958#primaryimage"},"image":{"@id":"https:\/\/dollernersc.de\/?page_id=3958#primaryimage"},"thumbnailUrl":"https:\/\/dollernersc.de\/wp-content\/uploads\/2020\/05\/Sportabzeichen-768x697-1-300x272.png","datePublished":"2018-11-16T15:06:43+00:00","dateModified":"2022-09-29T10:42:19+00:00","breadcrumb":{"@id":"https:\/\/dollernersc.de\/?page_id=3958#breadcrumb"},"inLanguage":"de","potentialAction":[{"@type":"ReadAction","target":["https:\/\/dollernersc.de\/?page_id=3958"]}]},{"@type":"ImageObject","inLanguage":"de","@id":"https:\/\/dollernersc.de\/?page_id=3958#primaryimage","url":"https:\/\/dollernersc.de\/wp-content\/uploads\/2020\/05\/Sportabzeichen-768x697-1.png","contentUrl":"https:\/\/dollernersc.de\/wp-content\/uploads\/2020\/05\/Sportabzeichen-768x697-1.png","width":768,"height":697},{"@type":"BreadcrumbList","@id":"https:\/\/dollernersc.de\/?page_id=3958#breadcrumb","itemListElement":[{"@type":"ListItem","position":1,"name":"Startseite","item":"https:\/\/dollernersc.de\/"},{"@type":"ListItem","position":2,"name":"Sportabzeichen"}]},{"@type":"WebSite","@id":"https:\/\/dollernersc.de\/#website","url":"https:\/\/dollernersc.de\/","name":"Dollerner Sport-Club e.V.","description":"","potentialAction":[{"@type":"SearchAction","target":{"@type":"EntryPoint","urlTemplate":"https:\/\/dollernersc.de\/?s={search_term_string}"},"query-input":"required name=search_term_string"}],"inLanguage":"de"}]}},"_links":{"self":[{"href":"https:\/\/dollernersc.de\/index.php?rest_route=\/wp\/v2\/pages\/3958"}],"collection":[{"href":"https:\/\/dollernersc.de\/index.php?rest_route=\/wp\/v2\/pages"}],"about":[{"href":"https:\/\/dollernersc.de\/index.php?rest_route=\/wp\/v2\/types\/page"}],"author":[{"embeddable":true,"href":"https:\/\/dollernersc.de\/index.php?rest_route=\/wp\/v2\/users\/1"}],"replies":[{"embeddable":true,"href":"https:\/\/dollernersc.de\/index.php?rest_route=%2Fwp%2Fv2%2Fcomments&post=3958"}],"version-history":[{"count":12,"href":"https:\/\/dollernersc.de\/index.php?rest_route=\/wp\/v2\/pages\/3958\/revisions"}],"predecessor-version":[{"id":5670,"href":"https:\/\/dollernersc.de\/index.php?rest_route=\/wp\/v2\/pages\/3958\/revisions\/5670"}],"wp:attachment":[{"href":"https:\/\/dollernersc.de\/index.php?rest_route=%2Fwp%2Fv2%2Fmedia&parent=3958"}],"curies":[{"name":"wp","href":"https:\/\/api.w.org\/{rel}","templated":true}]}}