{"id":31,"date":"2016-03-02T14:25:19","date_gmt":"2016-03-02T14:25:19","guid":{"rendered":"http:\/\/ferienwohnungen-dollern.de\/?page_id=31"},"modified":"2020-05-24T22:34:26","modified_gmt":"2020-05-24T22:34:26","slug":"home","status":"publish","type":"page","link":"https:\/\/dollernersc.de\/","title":{"rendered":"HOME"},"content":{"rendered":"<article class=\"post\">\n    <div class=\"post-5998 post type-post status-publish format-standard has-post-thumbnail hentry category-fan-shop\"  id=\"post-5998\">\n      \n    <figure>\n         \n        <ul class=\"sporty-masonry-cats\">\n            <li><a href=\"https:\/\/dollernersc.de\/?cat=86\" rel=\"category\">Fan-Shop<\/a><\/li>\n        <\/ul>\n                <a href=\"https:\/\/dollernersc.de\/?p=5998\">\n                        <img decoding=\"async\" src=\"https:\/\/dollernersc.de\/wp-content\/uploads\/2025\/01\/Bildschirmfoto-2025-01-14-um-13.30.17-964x428.png\" alt=\"FAN-Shop\" \/>  \n        <\/a>\n    <\/figure>\n            <div class=\"postbox\"> \n            <div class=\"date-without-thumb\"><a class=\"postbox-date\" href=\"https:\/\/dollernersc.de\/?p=5998\">14. Januar 2025<\/a><\/div> \n            <h3>\n                <a href=\"https:\/\/dollernersc.de\/?p=5998\">FAN-Shop<\/a>\n            <\/h3>\n            <p>In unserem FAN-Shop findest du viele Produkte, die sich auch mit unserem Vereins-Logo bedrucken lassen. Damit kannst du uns jetzt noch mehr unterst\u00fctzen. Egal ob du etwas f\u00fcr dich suchst&#8230;<\/p>\n        <\/div>    \n    <\/div>\n<\/article><article class=\"post\">\n    <div class=\"post-6066 post type-post status-publish format-standard has-post-thumbnail hentry category-turnen\"  id=\"post-6066\">\n      \n    <figure>\n         \n        <ul class=\"sporty-masonry-cats\">\n            <li><a href=\"https:\/\/dollernersc.de\/?cat=57\" rel=\"category\">Turnen<\/a><\/li>\n        <\/ul>\n                <a href=\"https:\/\/dollernersc.de\/?p=6066\">\n                        <img decoding=\"async\" src=\"https:\/\/dollernersc.de\/wp-content\/uploads\/2023\/04\/WhatsApp-Image-2023-04-24-at-17.34.55-964x428.jpeg\" alt=\"Jetzt f\u00fcr den Sporttag am 8.2.2026 anmelden\" \/>  \n        <\/a>\n    <\/figure>\n            <div class=\"postbox\"> \n            <div class=\"date-without-thumb\"><a class=\"postbox-date\" href=\"https:\/\/dollernersc.de\/?p=6066\">8. Dezember 2025<\/a><\/div> \n            <h3>\n                <a href=\"https:\/\/dollernersc.de\/?p=6066\">Jetzt f\u00fcr den Sporttag am 8.2.2026 anmelden<\/a>\n            <\/h3>\n            <p>An unserem Sporttag am 8.2.2026 von 10 bis 16 Uhr in der Mehrzweckhalle in Dollern erwartet euch ein abwechslungsreiches Programm. Bei kurzen Einheiten von ca. 30 Minuten mit Jumping, Bauch\/Beine\/Po,&#8230;<\/p>\n        <\/div>    \n    <\/div>\n<\/article><article class=\"post\">\n    <div class=\"post-6058 post type-post status-publish format-standard has-post-thumbnail hentry category-handball-1-herren\"  id=\"post-6058\">\n      \n    <figure>\n         \n        <ul class=\"sporty-masonry-cats\">\n            <li><a href=\"https:\/\/dollernersc.de\/?cat=45\" rel=\"category\">Handball-1. Herren<\/a><\/li>\n        <\/ul>\n                <a href=\"https:\/\/dollernersc.de\/?p=6058\">\n                        <img decoding=\"async\" src=\"https:\/\/dollernersc.de\/wp-content\/uploads\/2025\/08\/herren-handball-964x428.jpeg\" alt=\"Handball: 1.Herren in der Vorbereitung\" \/>  \n        <\/a>\n    <\/figure>\n            <div class=\"postbox\"> \n            <div class=\"date-without-thumb\"><a class=\"postbox-date\" href=\"https:\/\/dollernersc.de\/?p=6058\">27. August 2025<\/a><\/div> \n            <h3>\n                <a href=\"https:\/\/dollernersc.de\/?p=6058\">Handball: 1.Herren in der Vorbereitung<\/a>\n            <\/h3>\n            <p>Die Vorbereitung der 1. Herren auf die neue Saison 2025\/2026 l\u00e4uft in vollem Gange! Wir haben nun die wohl intensivste Woche der Vorbereitung hinter uns gebracht und befinden uns auf&#8230;<\/p>\n        <\/div>    \n    <\/div>\n<\/article><article class=\"post\">\n    <div class=\"post-6028 post type-post status-publish format-standard has-post-thumbnail hentry category-handball-mje category-handball-wje category-verein\"  id=\"post-6028\">\n      \n    <figure>\n         \n        <ul class=\"sporty-masonry-cats\">\n            <li><a href=\"https:\/\/dollernersc.de\/?cat=48\" rel=\"category\">Handball-MJE<\/a><\/li><li><a href=\"https:\/\/dollernersc.de\/?cat=52\" rel=\"category\">Handball-WJE<\/a><\/li><li><a href=\"https:\/\/dollernersc.de\/?cat=46\" rel=\"category\">Verein<\/a><\/li>\n        <\/ul>\n                <a href=\"https:\/\/dollernersc.de\/?p=6028\">\n                        <img decoding=\"async\" src=\"https:\/\/dollernersc.de\/wp-content\/uploads\/2025\/02\/WhatsApp-Image-2025-02-10-at-15.06.39-964x428.jpeg\" alt=\"Handball-Feriencamp: Der THW Kiel zu Gast in Dollern\" \/>  \n        <\/a>\n    <\/figure>\n            <div class=\"postbox\"> \n            <div class=\"date-without-thumb\"><a class=\"postbox-date\" href=\"https:\/\/dollernersc.de\/?p=6028\">10. Februar 2025<\/a><\/div> \n            <h3>\n                <a href=\"https:\/\/dollernersc.de\/?p=6028\">Handball-Feriencamp: Der THW Kiel zu Gast in Dollern<\/a>\n            <\/h3>\n            <p>Der THW Kiel ist in den Osterferien f\u00fcr 4 Tage zu Gast in Dollern. Jetzt f\u00fcr das Feriencamp anmelden. Der Folgende Link ist f\u00fcr die Anmeldung der \u00e4lteren Jahrg\u00e4nge. D&#8230;<\/p>\n        <\/div>    \n    <\/div>\n<\/article><article class=\"post\">\n    <div class=\"post-5847 post type-post status-publish format-standard has-post-thumbnail hentry category-kinder-handball\"  id=\"post-5847\">\n      \n    <figure>\n         \n        <ul class=\"sporty-masonry-cats\">\n            <li><a href=\"https:\/\/dollernersc.de\/?cat=53\" rel=\"category\">Kinder-Handball<\/a><\/li>\n        <\/ul>\n                <a href=\"https:\/\/dollernersc.de\/?p=5847\">\n                        <img decoding=\"async\" src=\"https:\/\/dollernersc.de\/wp-content\/uploads\/2024\/12\/WhatsApp-Image-2024-12-01-at-15.37.45-964x428.jpeg\" alt=\"Handball: Der Nachwuchs aus dem Landkreis beim Minispielfest dabei\" \/>  \n        <\/a>\n    <\/figure>\n            <div class=\"postbox\"> \n            <div class=\"date-without-thumb\"><a class=\"postbox-date\" href=\"https:\/\/dollernersc.de\/?p=5847\">5. Dezember 2024<\/a><\/div> \n            <h3>\n                <a href=\"https:\/\/dollernersc.de\/?p=5847\">Handball: Der Nachwuchs aus dem Landkreis beim Minispielfest dabei<\/a>\n            <\/h3>\n            <p>Am Sonntag, den 1.12.2024 fand das j\u00e4hrliche Minispielfest vom Dollerner SC in der Mehrzweckhalle statt. Am Vormittag waren die Anf\u00e4nger an der Reihe und am Nachmittag spielten die Fortgeschrittenen ihr&#8230;<\/p>\n        <\/div>    \n    <\/div>\n<\/article><article class=\"post\">\n    <div class=\"post-5918 post type-post status-publish format-standard has-post-thumbnail hentry category-fussball-jugend\"  id=\"post-5918\">\n      \n    <figure>\n         \n        <ul class=\"sporty-masonry-cats\">\n            <li><a href=\"https:\/\/dollernersc.de\/?cat=55\" rel=\"category\">Fu\u00dfball-Jugend<\/a><\/li>\n        <\/ul>\n                <a href=\"https:\/\/dollernersc.de\/?p=5918\">\n                        <img decoding=\"async\" src=\"https:\/\/dollernersc.de\/wp-content\/uploads\/2023\/09\/Sport-Verein-Logo_V3-964x428.png\" alt=\"Fussball: Saison 23\/24 geht zu Ende\" \/>  \n        <\/a>\n    <\/figure>\n            <div class=\"postbox\"> \n            <div class=\"date-without-thumb\"><a class=\"postbox-date\" href=\"https:\/\/dollernersc.de\/?p=5918\">10. Juni 2024<\/a><\/div> \n            <h3>\n                <a href=\"https:\/\/dollernersc.de\/?p=5918\">Fussball: Saison 23\/24 geht zu Ende<\/a>\n            <\/h3>\n            <p>Die Jugend-Fussballer der JSG Dollern \/ Hagen verabschieden sich langsam in die Sommerpause. Die meisten Mannschaften haben Ihre Saisonspiele gespielt und treten jetzt noch bei den ein oder anderen abschliessenden&#8230;<\/p>\n        <\/div>    \n    <\/div>\n<\/article><article class=\"post\">\n    <div class=\"post-5876 post type-post status-publish format-standard has-post-thumbnail hentry category-fussball-jugend\"  id=\"post-5876\">\n      \n    <figure>\n         \n        <ul class=\"sporty-masonry-cats\">\n            <li><a href=\"https:\/\/dollernersc.de\/?cat=55\" rel=\"category\">Fu\u00dfball-Jugend<\/a><\/li>\n        <\/ul>\n                <a href=\"https:\/\/dollernersc.de\/?p=5876\">\n                        <img decoding=\"async\" src=\"https:\/\/dollernersc.de\/wp-content\/uploads\/2023\/09\/Sport-Verein-Logo_V3-964x428.png\" alt=\"Fussball: Hallensaison der U9 und U10 geht zu Ende\" \/>  \n        <\/a>\n    <\/figure>\n            <div class=\"postbox\"> \n            <div class=\"date-without-thumb\"><a class=\"postbox-date\" href=\"https:\/\/dollernersc.de\/?p=5876\">26. Februar 2024<\/a><\/div> \n            <h3>\n                <a href=\"https:\/\/dollernersc.de\/?p=5876\">Fussball: Hallensaison der U9 und U10 geht zu Ende<\/a>\n            <\/h3>\n            <p>Die Hallensaison der U9 und U10 der JSG Dollern\/Hagen geht zu Ende. Beide Mannschaften haben viel erlebt und viele Medaillen gesammelt. Die U10 hat den Einzug in die Endrunde der&#8230;<\/p>\n        <\/div>    \n    <\/div>\n<\/article><!-- VIEW ALL BUTTON -->\r\n<div class=\"blogpager\">\r\n    <a href=\"https:\/\/dollernersc.de\/?p=5876\">View All <i class=\"fa fa-long-arrow-right\"><\/i><\/a>\r\n<\/div>\r\n\n<p>&nbsp;<\/p>\n","protected":false},"excerpt":{"rendered":"<p>&nbsp;<\/p>\n","protected":false},"author":1,"featured_media":0,"parent":0,"menu_order":1,"comment_status":"closed","ping_status":"closed","template":"homepage-sidebar.php","meta":{"footnotes":""},"yoast_head":"<!-- This site is optimized with the Yoast SEO plugin v22.9 - https:\/\/yoast.com\/wordpress\/plugins\/seo\/ -->\n<title>Dollerner Sport-Club e.V. - Die offizielle Website vom Sportverein im Landkreis Stade aus Dollern<\/title>\n<meta name=\"description\" content=\"Wir bewegen Dollern - Willkommen auf unser Vereinshomepage des Dollerner SC: Auf diesen Seiten findet ihr alle Informationen rund um den Sportverein in Dollern aus dem Landkreis Stade.\" \/>\n<meta name=\"robots\" content=\"index, follow, max-snippet:-1, max-image-preview:large, max-video-preview:-1\" \/>\n<link rel=\"canonical\" href=\"https:\/\/dollernersc.de\/\" \/>\n<meta property=\"og:locale\" content=\"de_DE\" \/>\n<meta property=\"og:type\" content=\"article\" \/>\n<meta property=\"og:title\" content=\"Dollerner Sport-Club e.V. - Die offizielle Website vom Sportverein im Landkreis Stade aus Dollern\" \/>\n<meta property=\"og:description\" content=\"Wir bewegen Dollern - Willkommen auf unser Vereinshomepage des Dollerner SC: Auf diesen Seiten findet ihr alle Informationen rund um den Sportverein in Dollern aus dem Landkreis Stade.\" \/>\n<meta property=\"og:url\" content=\"https:\/\/dollernersc.de\/\" \/>\n<meta property=\"og:site_name\" content=\"Dollerner Sport-Club e.V.\" \/>\n<meta property=\"article:modified_time\" content=\"2020-05-24T22:34:26+00:00\" \/>\n<meta name=\"twitter:card\" content=\"summary_large_image\" \/>\n<script type=\"application\/ld+json\" class=\"yoast-schema-graph\">{\"@context\":\"https:\/\/schema.org\",\"@graph\":[{\"@type\":\"WebPage\",\"@id\":\"https:\/\/dollernersc.de\/\",\"url\":\"https:\/\/dollernersc.de\/\",\"name\":\"Dollerner Sport-Club e.V. - Die offizielle Website vom Sportverein im Landkreis Stade aus Dollern\",\"isPartOf\":{\"@id\":\"https:\/\/dollernersc.de\/#website\"},\"datePublished\":\"2016-03-02T14:25:19+00:00\",\"dateModified\":\"2020-05-24T22:34:26+00:00\",\"description\":\"Wir bewegen Dollern - Willkommen auf unser Vereinshomepage des Dollerner SC: Auf diesen Seiten findet ihr alle Informationen rund um den Sportverein in Dollern aus dem Landkreis Stade.\",\"breadcrumb\":{\"@id\":\"https:\/\/dollernersc.de\/#breadcrumb\"},\"inLanguage\":\"de\",\"potentialAction\":[{\"@type\":\"ReadAction\",\"target\":[\"https:\/\/dollernersc.de\/\"]}]},{\"@type\":\"BreadcrumbList\",\"@id\":\"https:\/\/dollernersc.de\/#breadcrumb\",\"itemListElement\":[{\"@type\":\"ListItem\",\"position\":1,\"name\":\"Startseite\",\"item\":\"https:\/\/dollernersc.de\/\"},{\"@type\":\"ListItem\",\"position\":2,\"name\":\"HOME\"}]},{\"@type\":\"WebSite\",\"@id\":\"https:\/\/dollernersc.de\/#website\",\"url\":\"https:\/\/dollernersc.de\/\",\"name\":\"Dollerner Sport-Club e.V.\",\"description\":\"\",\"potentialAction\":[{\"@type\":\"SearchAction\",\"target\":{\"@type\":\"EntryPoint\",\"urlTemplate\":\"https:\/\/dollernersc.de\/?s={search_term_string}\"},\"query-input\":\"required name=search_term_string\"}],\"inLanguage\":\"de\"}]}<\/script>\n<!-- \/ Yoast SEO plugin. -->","yoast_head_json":{"title":"Dollerner Sport-Club e.V. - Die offizielle Website vom Sportverein im Landkreis Stade aus Dollern","description":"Wir bewegen Dollern - Willkommen auf unser Vereinshomepage des Dollerner SC: Auf diesen Seiten findet ihr alle Informationen rund um den Sportverein in Dollern aus dem Landkreis Stade.","robots":{"index":"index","follow":"follow","max-snippet":"max-snippet:-1","max-image-preview":"max-image-preview:large","max-video-preview":"max-video-preview:-1"},"canonical":"https:\/\/dollernersc.de\/","og_locale":"de_DE","og_type":"article","og_title":"Dollerner Sport-Club e.V. - Die offizielle Website vom Sportverein im Landkreis Stade aus Dollern","og_description":"Wir bewegen Dollern - Willkommen auf unser Vereinshomepage des Dollerner SC: Auf diesen Seiten findet ihr alle Informationen rund um den Sportverein in Dollern aus dem Landkreis Stade.","og_url":"https:\/\/dollernersc.de\/","og_site_name":"Dollerner Sport-Club e.V.","article_modified_time":"2020-05-24T22:34:26+00:00","twitter_card":"summary_large_image","schema":{"@context":"https:\/\/schema.org","@graph":[{"@type":"WebPage","@id":"https:\/\/dollernersc.de\/","url":"https:\/\/dollernersc.de\/","name":"Dollerner Sport-Club e.V. - Die offizielle Website vom Sportverein im Landkreis Stade aus Dollern","isPartOf":{"@id":"https:\/\/dollernersc.de\/#website"},"datePublished":"2016-03-02T14:25:19+00:00","dateModified":"2020-05-24T22:34:26+00:00","description":"Wir bewegen Dollern - Willkommen auf unser Vereinshomepage des Dollerner SC: Auf diesen Seiten findet ihr alle Informationen rund um den Sportverein in Dollern aus dem Landkreis Stade.","breadcrumb":{"@id":"https:\/\/dollernersc.de\/#breadcrumb"},"inLanguage":"de","potentialAction":[{"@type":"ReadAction","target":["https:\/\/dollernersc.de\/"]}]},{"@type":"BreadcrumbList","@id":"https:\/\/dollernersc.de\/#breadcrumb","itemListElement":[{"@type":"ListItem","position":1,"name":"Startseite","item":"https:\/\/dollernersc.de\/"},{"@type":"ListItem","position":2,"name":"HOME"}]},{"@type":"WebSite","@id":"https:\/\/dollernersc.de\/#website","url":"https:\/\/dollernersc.de\/","name":"Dollerner Sport-Club e.V.","description":"","potentialAction":[{"@type":"SearchAction","target":{"@type":"EntryPoint","urlTemplate":"https:\/\/dollernersc.de\/?s={search_term_string}"},"query-input":"required name=search_term_string"}],"inLanguage":"de"}]}},"_links":{"self":[{"href":"https:\/\/dollernersc.de\/index.php?rest_route=\/wp\/v2\/pages\/31"}],"collection":[{"href":"https:\/\/dollernersc.de\/index.php?rest_route=\/wp\/v2\/pages"}],"about":[{"href":"https:\/\/dollernersc.de\/index.php?rest_route=\/wp\/v2\/types\/page"}],"author":[{"embeddable":true,"href":"https:\/\/dollernersc.de\/index.php?rest_route=\/wp\/v2\/users\/1"}],"replies":[{"embeddable":true,"href":"https:\/\/dollernersc.de\/index.php?rest_route=%2Fwp%2Fv2%2Fcomments&post=31"}],"version-history":[{"count":1,"href":"https:\/\/dollernersc.de\/index.php?rest_route=\/wp\/v2\/pages\/31\/revisions"}],"predecessor-version":[{"id":4786,"href":"https:\/\/dollernersc.de\/index.php?rest_route=\/wp\/v2\/pages\/31\/revisions\/4786"}],"wp:attachment":[{"href":"https:\/\/dollernersc.de\/index.php?rest_route=%2Fwp%2Fv2%2Fmedia&parent=31"}],"curies":[{"name":"wp","href":"https:\/\/api.w.org\/{rel}","templated":true}]}}