{"id":195,"date":"2016-03-03T11:41:27","date_gmt":"2016-03-03T11:41:27","guid":{"rendered":"http:\/\/ferienwohnungen-dollern.de\/?page_id=195"},"modified":"2025-08-27T17:10:19","modified_gmt":"2025-08-27T15:10:19","slug":"verantwortliche","status":"publish","type":"page","link":"https:\/\/dollernersc.de\/?page_id=195","title":{"rendered":"Ansprechpartner"},"content":{"rendered":"\n<h1 class=\"wp-block-heading\">Vorstand<\/h1>\n\n\n\n<p>Sascha Stange &#8211; 1.Vorsitzender &#8211; Telefon: 04163-8248118 &#8211; info@dollernersc.de<\/p>\n\n\n\n<p>Bj\u00f6rn Brandm\u00e4hl &#8211; Gesch\u00e4ftsf\u00fchrer<\/p>\n\n\n\n<h3 class=\"wp-block-heading\">Ansprechpartner Jugend:<\/h3>\n\n\n\n<p>Christoph Wichern &#8211; Jugendwart\/Handball &#8211; Telefon: 0160-2588435<\/p>\n\n\n\n<p>Uta Frohb\u00f6se &#8211; Turnen &#8211; Telefon: 04163\/91533 und 01577-4286177<\/p>\n\n\n\n<p>David Szcudlo &#8211; Fu\u00dfball- Telefon: 0174-1756705<\/p>\n\n\n\n<h3 class=\"wp-block-heading\">Anprechpartner Gymnastik:<\/h3>\n\n\n\n<p>Uta Frohb\u00f6se &#8211; Abteilungsleiter &#8211; Telefon: 04163\/91533 und 01577-4286177<\/p>\n\n\n\n<h3 class=\"wp-block-heading\">Ansprechpartner Fu\u00dfball:<\/h3>\n\n\n\n<p>Wolfgang Westpahl &#8211; Abteilungsleiter -Telefon: 0171-6557396<\/p>\n\n\n\n<h3 class=\"wp-block-heading\">Ansprechpartner Handball:<\/h3>\n\n\n\n<p>Florian Albrecht- Abteilungsleiter<\/p>\n\n\n\n<p>Julian Otto &#8211; 1.Herren<\/p>\n\n\n\n<p>Sascha Stange \u2013 2.Herren &#8211; Telefon: 0171-8582637<\/p>\n\n\n\n<p>Harm Findorff &#8211; 1. Damen<\/p>\n","protected":false},"excerpt":{"rendered":"<p>Vorstand Sascha Stange &#8211; 1.Vorsitzender &#8211; Telefon: 04163-8248118 &#8211; info@dollernersc.de Bj\u00f6rn Brandm\u00e4hl &#8211; Gesch\u00e4ftsf\u00fchrer Ansprechpartner Jugend: Christoph Wichern &#8211; Jugendwart\/Handball &#8211; Telefon: 0160-2588435 Uta Frohb\u00f6se &#8211; Turnen &#8211; Telefon: 04163\/91533&#8230;<\/p>\n","protected":false},"author":1,"featured_media":0,"parent":0,"menu_order":0,"comment_status":"closed","ping_status":"closed","template":"page-with-sidebar.php","meta":{"footnotes":""},"yoast_head":"<!-- This site is optimized with the Yoast SEO plugin v22.9 - https:\/\/yoast.com\/wordpress\/plugins\/seo\/ -->\n<title>Ansprechpartner - Dollerner Sport-Club e.V.<\/title>\n<meta name=\"robots\" content=\"index, follow, max-snippet:-1, max-image-preview:large, max-video-preview:-1\" \/>\n<link rel=\"canonical\" href=\"https:\/\/dollernersc.de\/?page_id=195\" \/>\n<meta property=\"og:locale\" content=\"de_DE\" \/>\n<meta property=\"og:type\" content=\"article\" \/>\n<meta property=\"og:title\" content=\"Ansprechpartner - Dollerner Sport-Club e.V.\" \/>\n<meta property=\"og:description\" content=\"Vorstand Sascha Stange &#8211; 1.Vorsitzender &#8211; Telefon: 04163-8248118 &#8211; info@dollernersc.de Bj\u00f6rn Brandm\u00e4hl &#8211; Gesch\u00e4ftsf\u00fchrer Ansprechpartner Jugend: Christoph Wichern &#8211; Jugendwart\/Handball &#8211; Telefon: 0160-2588435 Uta Frohb\u00f6se &#8211; Turnen &#8211; Telefon: 04163\/91533...\" \/>\n<meta property=\"og:url\" content=\"https:\/\/dollernersc.de\/?page_id=195\" \/>\n<meta property=\"og:site_name\" content=\"Dollerner Sport-Club e.V.\" \/>\n<meta property=\"article:modified_time\" content=\"2025-08-27T15:10:19+00:00\" \/>\n<meta name=\"twitter:card\" content=\"summary_large_image\" \/>\n<meta name=\"twitter:label1\" content=\"Gesch\u00e4tzte Lesezeit\" \/>\n\t<meta name=\"twitter:data1\" content=\"1\u00a0Minute\" \/>\n<script type=\"application\/ld+json\" class=\"yoast-schema-graph\">{\"@context\":\"https:\/\/schema.org\",\"@graph\":[{\"@type\":\"WebPage\",\"@id\":\"https:\/\/dollernersc.de\/?page_id=195\",\"url\":\"https:\/\/dollernersc.de\/?page_id=195\",\"name\":\"Ansprechpartner - Dollerner Sport-Club e.V.\",\"isPartOf\":{\"@id\":\"https:\/\/dollernersc.de\/#website\"},\"datePublished\":\"2016-03-03T11:41:27+00:00\",\"dateModified\":\"2025-08-27T15:10:19+00:00\",\"breadcrumb\":{\"@id\":\"https:\/\/dollernersc.de\/?page_id=195#breadcrumb\"},\"inLanguage\":\"de\",\"potentialAction\":[{\"@type\":\"ReadAction\",\"target\":[\"https:\/\/dollernersc.de\/?page_id=195\"]}]},{\"@type\":\"BreadcrumbList\",\"@id\":\"https:\/\/dollernersc.de\/?page_id=195#breadcrumb\",\"itemListElement\":[{\"@type\":\"ListItem\",\"position\":1,\"name\":\"Startseite\",\"item\":\"https:\/\/dollernersc.de\/\"},{\"@type\":\"ListItem\",\"position\":2,\"name\":\"Ansprechpartner\"}]},{\"@type\":\"WebSite\",\"@id\":\"https:\/\/dollernersc.de\/#website\",\"url\":\"https:\/\/dollernersc.de\/\",\"name\":\"Dollerner Sport-Club e.V.\",\"description\":\"\",\"potentialAction\":[{\"@type\":\"SearchAction\",\"target\":{\"@type\":\"EntryPoint\",\"urlTemplate\":\"https:\/\/dollernersc.de\/?s={search_term_string}\"},\"query-input\":\"required name=search_term_string\"}],\"inLanguage\":\"de\"}]}<\/script>\n<!-- \/ Yoast SEO plugin. -->","yoast_head_json":{"title":"Ansprechpartner - Dollerner Sport-Club e.V.","robots":{"index":"index","follow":"follow","max-snippet":"max-snippet:-1","max-image-preview":"max-image-preview:large","max-video-preview":"max-video-preview:-1"},"canonical":"https:\/\/dollernersc.de\/?page_id=195","og_locale":"de_DE","og_type":"article","og_title":"Ansprechpartner - Dollerner Sport-Club e.V.","og_description":"Vorstand Sascha Stange &#8211; 1.Vorsitzender &#8211; Telefon: 04163-8248118 &#8211; info@dollernersc.de Bj\u00f6rn Brandm\u00e4hl &#8211; Gesch\u00e4ftsf\u00fchrer Ansprechpartner Jugend: Christoph Wichern &#8211; Jugendwart\/Handball &#8211; Telefon: 0160-2588435 Uta Frohb\u00f6se &#8211; Turnen &#8211; Telefon: 04163\/91533...","og_url":"https:\/\/dollernersc.de\/?page_id=195","og_site_name":"Dollerner Sport-Club e.V.","article_modified_time":"2025-08-27T15:10:19+00:00","twitter_card":"summary_large_image","twitter_misc":{"Gesch\u00e4tzte Lesezeit":"1\u00a0Minute"},"schema":{"@context":"https:\/\/schema.org","@graph":[{"@type":"WebPage","@id":"https:\/\/dollernersc.de\/?page_id=195","url":"https:\/\/dollernersc.de\/?page_id=195","name":"Ansprechpartner - Dollerner Sport-Club e.V.","isPartOf":{"@id":"https:\/\/dollernersc.de\/#website"},"datePublished":"2016-03-03T11:41:27+00:00","dateModified":"2025-08-27T15:10:19+00:00","breadcrumb":{"@id":"https:\/\/dollernersc.de\/?page_id=195#breadcrumb"},"inLanguage":"de","potentialAction":[{"@type":"ReadAction","target":["https:\/\/dollernersc.de\/?page_id=195"]}]},{"@type":"BreadcrumbList","@id":"https:\/\/dollernersc.de\/?page_id=195#breadcrumb","itemListElement":[{"@type":"ListItem","position":1,"name":"Startseite","item":"https:\/\/dollernersc.de\/"},{"@type":"ListItem","position":2,"name":"Ansprechpartner"}]},{"@type":"WebSite","@id":"https:\/\/dollernersc.de\/#website","url":"https:\/\/dollernersc.de\/","name":"Dollerner Sport-Club e.V.","description":"","potentialAction":[{"@type":"SearchAction","target":{"@type":"EntryPoint","urlTemplate":"https:\/\/dollernersc.de\/?s={search_term_string}"},"query-input":"required name=search_term_string"}],"inLanguage":"de"}]}},"_links":{"self":[{"href":"https:\/\/dollernersc.de\/index.php?rest_route=\/wp\/v2\/pages\/195"}],"collection":[{"href":"https:\/\/dollernersc.de\/index.php?rest_route=\/wp\/v2\/pages"}],"about":[{"href":"https:\/\/dollernersc.de\/index.php?rest_route=\/wp\/v2\/types\/page"}],"author":[{"embeddable":true,"href":"https:\/\/dollernersc.de\/index.php?rest_route=\/wp\/v2\/users\/1"}],"replies":[{"embeddable":true,"href":"https:\/\/dollernersc.de\/index.php?rest_route=%2Fwp%2Fv2%2Fcomments&post=195"}],"version-history":[{"count":8,"href":"https:\/\/dollernersc.de\/index.php?rest_route=\/wp\/v2\/pages\/195\/revisions"}],"predecessor-version":[{"id":6055,"href":"https:\/\/dollernersc.de\/index.php?rest_route=\/wp\/v2\/pages\/195\/revisions\/6055"}],"wp:attachment":[{"href":"https:\/\/dollernersc.de\/index.php?rest_route=%2Fwp%2Fv2%2Fmedia&parent=195"}],"curies":[{"name":"wp","href":"https:\/\/api.w.org\/{rel}","templated":true}]}}