{"id":182,"date":"2016-03-03T11:29:36","date_gmt":"2016-03-03T11:29:36","guid":{"rendered":"http:\/\/ferienwohnungen-dollern.de\/?page_id=182"},"modified":"2022-11-09T11:58:48","modified_gmt":"2022-11-09T10:58:48","slug":"mannschaft-2","status":"publish","type":"page","link":"https:\/\/dollernersc.de\/?page_id=182","title":{"rendered":"Mannschaft"},"content":{"rendered":"\n<h1 class=\"has-text-align-center wp-block-heading\">1.Herren<\/h1>\n\n\n\n<div class=\"wp-block-image is-style-default\"><figure class=\"aligncenter size-medium is-resized\"><img loading=\"lazy\" decoding=\"async\" src=\"https:\/\/dollernersc.de\/wp-content\/uploads\/2022\/06\/K1600_P1480068-300x169.jpg\" alt=\"\" class=\"wp-image-5635\" width=\"368\" height=\"207\" srcset=\"https:\/\/dollernersc.de\/wp-content\/uploads\/2022\/06\/K1600_P1480068-300x169.jpg 300w, https:\/\/dollernersc.de\/wp-content\/uploads\/2022\/06\/K1600_P1480068-1024x576.jpg 1024w, https:\/\/dollernersc.de\/wp-content\/uploads\/2022\/06\/K1600_P1480068-768x432.jpg 768w, https:\/\/dollernersc.de\/wp-content\/uploads\/2022\/06\/K1600_P1480068-1536x864.jpg 1536w, https:\/\/dollernersc.de\/wp-content\/uploads\/2022\/06\/K1600_P1480068.jpg 1920w\" sizes=\"(max-width: 368px) 100vw, 368px\" \/><\/figure><\/div>\n\n\n\n<div style=\"height:21px\" aria-hidden=\"true\" class=\"wp-block-spacer\"><\/div>\n\n\n\n<h2 class=\"has-text-align-center wp-block-heading\">Ansprechpartner<\/h2>\n\n\n\n<p class=\"has-text-align-center\">Danny Havemann<\/p>\n\n\n\n<div style=\"height:33px\" aria-hidden=\"true\" class=\"wp-block-spacer\"><\/div>\n\n\n\n<h2 class=\"has-text-align-center wp-block-heading\">Teamsponsor<\/h2>\n\n\n\n<div class=\"wp-block-image\"><figure class=\"aligncenter size-medium\"><a href=\"https:\/\/www.fdt-horeis.de\/\"><img loading=\"lazy\" decoding=\"async\" width=\"300\" height=\"108\" src=\"https:\/\/dollernersc.de\/wp-content\/uploads\/2020\/05\/cropped-Logo-FDT_freigestellt-3-300x108.png\" alt=\"\" class=\"wp-image-4851\" srcset=\"https:\/\/dollernersc.de\/wp-content\/uploads\/2020\/05\/cropped-Logo-FDT_freigestellt-3-300x108.png 300w, https:\/\/dollernersc.de\/wp-content\/uploads\/2020\/05\/cropped-Logo-FDT_freigestellt-3.png 696w\" sizes=\"(max-width: 300px) 100vw, 300px\" \/><\/a><\/figure><\/div>\n\n\n\n<div style=\"height:49px\" aria-hidden=\"true\" class=\"wp-block-spacer\"><\/div>\n\n\n\n<h2 class=\"has-text-align-center wp-block-heading\">Berichte<\/h2>\n\n\n<article class=\"post\">\n    <div class=\"post-6058 post type-post status-publish format-standard has-post-thumbnail hentry category-handball-1-herren\"  id=\"post-6058\">\n      \n    <figure>\n         \n        <ul class=\"sporty-masonry-cats\">\n            <li><a href=\"https:\/\/dollernersc.de\/?cat=45\" rel=\"category\">Handball-1. Herren<\/a><\/li>\n        <\/ul>\n                <a href=\"https:\/\/dollernersc.de\/?p=6058\">\n                        <img decoding=\"async\" src=\"https:\/\/dollernersc.de\/wp-content\/uploads\/2025\/08\/herren-handball-964x428.jpeg\" alt=\"Handball: 1.Herren in der Vorbereitung\" \/>  \n        <\/a>\n    <\/figure>\n            <div class=\"postbox\"> \n            <div class=\"date-without-thumb\"><a class=\"postbox-date\" href=\"https:\/\/dollernersc.de\/?p=6058\">27. August 2025<\/a><\/div> \n            <h3>\n                <a href=\"https:\/\/dollernersc.de\/?p=6058\">Handball: 1.Herren in der Vorbereitung<\/a>\n            <\/h3>\n            <p>Die Vorbereitung der 1. Herren auf die neue Saison 2025\/2026 l\u00e4uft in vollem Gange! Wir haben nun die wohl intensivste Woche der Vorbereitung hinter uns gebracht und befinden uns auf&#8230;<\/p>\n        <\/div>    \n    <\/div>\n<\/article><article class=\"post\">\n    <div class=\"post-5426 post type-post status-publish format-standard has-post-thumbnail hentry category-handball-1-herren\"  id=\"post-5426\">\n      \n    <figure>\n         \n        <ul class=\"sporty-masonry-cats\">\n            <li><a href=\"https:\/\/dollernersc.de\/?cat=45\" rel=\"category\">Handball-1. Herren<\/a><\/li>\n        <\/ul>\n                <a href=\"https:\/\/dollernersc.de\/?p=5426\">\n                        <img decoding=\"async\" src=\"https:\/\/dollernersc.de\/wp-content\/uploads\/2020\/10\/fbeck-testspiel-890x428.jpg\" alt=\"Handball 1.Herren: Das Harz klebt wieder\" \/>  \n        <\/a>\n    <\/figure>\n            <div class=\"postbox\"> \n            <div class=\"date-without-thumb\"><a class=\"postbox-date\" href=\"https:\/\/dollernersc.de\/?p=5426\">24. Juli 2021<\/a><\/div> \n            <h3>\n                <a href=\"https:\/\/dollernersc.de\/?p=5426\">Handball 1.Herren: Das Harz klebt wieder<\/a>\n            <\/h3>\n            <p>Am Mittwoch absolvierte unsere 1. Herren ein erstes Testspiel f\u00fcr die kommende Saison 2021\/22. Wie bereits im letzten Jahr empfingen wir die 3. Herren des VfL Fredenbeck, die n\u00e4chstes Jahr&#8230;<\/p>\n        <\/div>    \n    <\/div>\n<\/article><article class=\"post\">\n    <div class=\"post-5274 post type-post status-publish format-standard has-post-thumbnail hentry category-handball-1-herren\"  id=\"post-5274\">\n      \n    <figure>\n         \n        <ul class=\"sporty-masonry-cats\">\n            <li><a href=\"https:\/\/dollernersc.de\/?cat=45\" rel=\"category\">Handball-1. Herren<\/a><\/li>\n        <\/ul>\n                <a href=\"https:\/\/dollernersc.de\/?p=5274\">\n                        <img decoding=\"async\" src=\"https:\/\/dollernersc.de\/wp-content\/uploads\/2020\/10\/fbeck-testspiel-890x428.jpg\" alt=\"Handball: 1. Herren testen gegen Fredenbeck 3\" \/>  \n        <\/a>\n    <\/figure>\n            <div class=\"postbox\"> \n            <div class=\"date-without-thumb\"><a class=\"postbox-date\" href=\"https:\/\/dollernersc.de\/?p=5274\">9. Oktober 2020<\/a><\/div> \n            <h3>\n                <a href=\"https:\/\/dollernersc.de\/?p=5274\">Handball: 1. Herren testen gegen Fredenbeck 3<\/a>\n            <\/h3>\n            <p>Es war wieder soweit! Die erste Herren des Dollerner SC durfte nun zum zweiten Testspiel innerhalb von 2 Wochen ran. Nach einem 33:18 gegen die 1. Herren von der HSG&#8230;<\/p>\n        <\/div>    \n    <\/div>\n<\/article><article class=\"post\">\n    <div class=\"post-5250 post type-post status-publish format-standard has-post-thumbnail hentry category-fusball-1-herren category-handball-1-herren\"  id=\"post-5250\">\n      \n    <figure>\n         \n        <ul class=\"sporty-masonry-cats\">\n            <li><a href=\"https:\/\/dollernersc.de\/?cat=44\" rel=\"category\">Fu\u00dfball-1.Herren<\/a><\/li><li><a href=\"https:\/\/dollernersc.de\/?cat=45\" rel=\"category\">Handball-1. Herren<\/a><\/li>\n        <\/ul>\n                <a href=\"https:\/\/dollernersc.de\/?p=5250\">\n                        <img decoding=\"async\" src=\"https:\/\/dollernersc.de\/wp-content\/uploads\/2020\/09\/WhatsApp-Image-2020-09-22-at-23.22.15-964x428.jpeg\" alt=\"Handball meets Fu\u00dfball: 1.Herren Teams auf dem Rasen im Vergleich\" \/>  \n        <\/a>\n    <\/figure>\n            <div class=\"postbox\"> \n            <div class=\"date-without-thumb\"><a class=\"postbox-date\" href=\"https:\/\/dollernersc.de\/?p=5250\">23. September 2020<\/a><\/div> \n            <h3>\n                <a href=\"https:\/\/dollernersc.de\/?p=5250\">Handball meets Fu\u00dfball: 1.Herren Teams auf dem Rasen im Vergleich<\/a>\n            <\/h3>\n            <p>Handballer auf ungewohntem Gebiet Im Zuge der Vorbereitung f\u00fcr die Saison 20\/21 traf die Handball-1. Herren des Dollerner SC zu einem Freundschaftsspiel auf die Fu\u00dfball-Kollegen der SG Dollern\/Agathenburg. Kurzes Warmup,&#8230;<\/p>\n        <\/div>    \n    <\/div>\n<\/article><article class=\"post\">\n    <div class=\"post-4506 post type-post status-publish format-standard has-post-thumbnail hentry category-handball-1-herren\"  id=\"post-4506\">\n      \n    <figure>\n         \n        <ul class=\"sporty-masonry-cats\">\n            <li><a href=\"https:\/\/dollernersc.de\/?cat=45\" rel=\"category\">Handball-1. Herren<\/a><\/li>\n        <\/ul>\n                <a href=\"https:\/\/dollernersc.de\/?p=4506\">\n                        <img decoding=\"async\" src=\"https:\/\/dollernersc.de\/wp-content\/uploads\/2019\/11\/K1600_DSC08808-964x428.jpg\" alt=\"Handball: 1. Herren gewinnt mit 28:20 gegen Fredenbeck IV\" \/>  \n        <\/a>\n    <\/figure>\n            <div class=\"postbox\"> \n            <div class=\"date-without-thumb\"><a class=\"postbox-date\" href=\"https:\/\/dollernersc.de\/?p=4506\">20. November 2019<\/a><\/div> \n            <h3>\n                <a href=\"https:\/\/dollernersc.de\/?p=4506\">Handball: 1. Herren gewinnt mit 28:20 gegen Fredenbeck IV<\/a>\n            <\/h3>\n            <p>Tabellenf\u00fchrung behauptet und wegweisendes Spiel gewonnen Am Sonntag um 16:30 begann das Spiel mit Anwurf f\u00fcr die G\u00e4ste aus Fredenbeck. Wir machten uns auf ein hartes und schnelles Spiel gefasst,&#8230;<\/p>\n        <\/div>    \n    <\/div>\n<\/article><!-- VIEW ALL BUTTON -->\r\n<div class=\"blogpager\">\r\n    <a href=\"https:\/\/dollernersc.de\/?cat=45\">View All <i class=\"fa fa-long-arrow-right\"><\/i><\/a>\r\n<\/div>\r\n\n","protected":false},"excerpt":{"rendered":"<p>1.Herren Ansprechpartner Danny Havemann Teamsponsor Berichte<\/p>\n","protected":false},"author":1,"featured_media":0,"parent":0,"menu_order":0,"comment_status":"closed","ping_status":"closed","template":"page-with-sidebar.php","meta":{"footnotes":""},"yoast_head":"<!-- This site is optimized with the Yoast SEO plugin v22.9 - https:\/\/yoast.com\/wordpress\/plugins\/seo\/ -->\n<title>Mannschaft - Dollerner Sport-Club e.V.<\/title>\n<meta name=\"description\" content=\"Dollerner SC - 1.Herren Handball - Hier sind alle Informationen \u00fcber unser Team und die dazugeh\u00f6rigen Sponsoren. Die Spieler werden ebenfalls vorgestellt.\" \/>\n<meta name=\"robots\" content=\"index, follow, max-snippet:-1, max-image-preview:large, max-video-preview:-1\" \/>\n<link rel=\"canonical\" href=\"https:\/\/dollernersc.de\/?page_id=182\" \/>\n<meta property=\"og:locale\" content=\"de_DE\" \/>\n<meta property=\"og:type\" content=\"article\" \/>\n<meta property=\"og:title\" content=\"Mannschaft - Dollerner Sport-Club e.V.\" \/>\n<meta property=\"og:description\" content=\"Dollerner SC - 1.Herren Handball - Hier sind alle Informationen \u00fcber unser Team und die dazugeh\u00f6rigen Sponsoren. Die Spieler werden ebenfalls vorgestellt.\" \/>\n<meta property=\"og:url\" content=\"https:\/\/dollernersc.de\/?page_id=182\" \/>\n<meta property=\"og:site_name\" content=\"Dollerner Sport-Club e.V.\" \/>\n<meta property=\"article:modified_time\" content=\"2022-11-09T10:58:48+00:00\" \/>\n<meta property=\"og:image\" content=\"https:\/\/dollernersc.de\/wp-content\/uploads\/2022\/06\/K1600_P1480068-300x169.jpg\" \/>\n<meta name=\"twitter:card\" content=\"summary_large_image\" \/>\n<meta name=\"twitter:label1\" content=\"Gesch\u00e4tzte Lesezeit\" \/>\n\t<meta name=\"twitter:data1\" content=\"1\u00a0Minute\" \/>\n<script type=\"application\/ld+json\" class=\"yoast-schema-graph\">{\"@context\":\"https:\/\/schema.org\",\"@graph\":[{\"@type\":\"WebPage\",\"@id\":\"https:\/\/dollernersc.de\/?page_id=182\",\"url\":\"https:\/\/dollernersc.de\/?page_id=182\",\"name\":\"Mannschaft - Dollerner Sport-Club e.V.\",\"isPartOf\":{\"@id\":\"https:\/\/dollernersc.de\/#website\"},\"primaryImageOfPage\":{\"@id\":\"https:\/\/dollernersc.de\/?page_id=182#primaryimage\"},\"image\":{\"@id\":\"https:\/\/dollernersc.de\/?page_id=182#primaryimage\"},\"thumbnailUrl\":\"https:\/\/dollernersc.de\/wp-content\/uploads\/2022\/06\/K1600_P1480068-300x169.jpg\",\"datePublished\":\"2016-03-03T11:29:36+00:00\",\"dateModified\":\"2022-11-09T10:58:48+00:00\",\"description\":\"Dollerner SC - 1.Herren Handball - Hier sind alle Informationen \u00fcber unser Team und die dazugeh\u00f6rigen Sponsoren. Die Spieler werden ebenfalls vorgestellt.\",\"breadcrumb\":{\"@id\":\"https:\/\/dollernersc.de\/?page_id=182#breadcrumb\"},\"inLanguage\":\"de\",\"potentialAction\":[{\"@type\":\"ReadAction\",\"target\":[\"https:\/\/dollernersc.de\/?page_id=182\"]}]},{\"@type\":\"ImageObject\",\"inLanguage\":\"de\",\"@id\":\"https:\/\/dollernersc.de\/?page_id=182#primaryimage\",\"url\":\"https:\/\/dollernersc.de\/wp-content\/uploads\/2022\/06\/K1600_P1480068.jpg\",\"contentUrl\":\"https:\/\/dollernersc.de\/wp-content\/uploads\/2022\/06\/K1600_P1480068.jpg\",\"width\":1920,\"height\":1080},{\"@type\":\"BreadcrumbList\",\"@id\":\"https:\/\/dollernersc.de\/?page_id=182#breadcrumb\",\"itemListElement\":[{\"@type\":\"ListItem\",\"position\":1,\"name\":\"Startseite\",\"item\":\"https:\/\/dollernersc.de\/\"},{\"@type\":\"ListItem\",\"position\":2,\"name\":\"Mannschaft\"}]},{\"@type\":\"WebSite\",\"@id\":\"https:\/\/dollernersc.de\/#website\",\"url\":\"https:\/\/dollernersc.de\/\",\"name\":\"Dollerner Sport-Club e.V.\",\"description\":\"\",\"potentialAction\":[{\"@type\":\"SearchAction\",\"target\":{\"@type\":\"EntryPoint\",\"urlTemplate\":\"https:\/\/dollernersc.de\/?s={search_term_string}\"},\"query-input\":\"required name=search_term_string\"}],\"inLanguage\":\"de\"}]}<\/script>\n<!-- \/ Yoast SEO plugin. -->","yoast_head_json":{"title":"Mannschaft - Dollerner Sport-Club e.V.","description":"Dollerner SC - 1.Herren Handball - Hier sind alle Informationen \u00fcber unser Team und die dazugeh\u00f6rigen Sponsoren. Die Spieler werden ebenfalls vorgestellt.","robots":{"index":"index","follow":"follow","max-snippet":"max-snippet:-1","max-image-preview":"max-image-preview:large","max-video-preview":"max-video-preview:-1"},"canonical":"https:\/\/dollernersc.de\/?page_id=182","og_locale":"de_DE","og_type":"article","og_title":"Mannschaft - Dollerner Sport-Club e.V.","og_description":"Dollerner SC - 1.Herren Handball - Hier sind alle Informationen \u00fcber unser Team und die dazugeh\u00f6rigen Sponsoren. Die Spieler werden ebenfalls vorgestellt.","og_url":"https:\/\/dollernersc.de\/?page_id=182","og_site_name":"Dollerner Sport-Club e.V.","article_modified_time":"2022-11-09T10:58:48+00:00","og_image":[{"url":"https:\/\/dollernersc.de\/wp-content\/uploads\/2022\/06\/K1600_P1480068-300x169.jpg"}],"twitter_card":"summary_large_image","twitter_misc":{"Gesch\u00e4tzte Lesezeit":"1\u00a0Minute"},"schema":{"@context":"https:\/\/schema.org","@graph":[{"@type":"WebPage","@id":"https:\/\/dollernersc.de\/?page_id=182","url":"https:\/\/dollernersc.de\/?page_id=182","name":"Mannschaft - Dollerner Sport-Club e.V.","isPartOf":{"@id":"https:\/\/dollernersc.de\/#website"},"primaryImageOfPage":{"@id":"https:\/\/dollernersc.de\/?page_id=182#primaryimage"},"image":{"@id":"https:\/\/dollernersc.de\/?page_id=182#primaryimage"},"thumbnailUrl":"https:\/\/dollernersc.de\/wp-content\/uploads\/2022\/06\/K1600_P1480068-300x169.jpg","datePublished":"2016-03-03T11:29:36+00:00","dateModified":"2022-11-09T10:58:48+00:00","description":"Dollerner SC - 1.Herren Handball - Hier sind alle Informationen \u00fcber unser Team und die dazugeh\u00f6rigen Sponsoren. Die Spieler werden ebenfalls vorgestellt.","breadcrumb":{"@id":"https:\/\/dollernersc.de\/?page_id=182#breadcrumb"},"inLanguage":"de","potentialAction":[{"@type":"ReadAction","target":["https:\/\/dollernersc.de\/?page_id=182"]}]},{"@type":"ImageObject","inLanguage":"de","@id":"https:\/\/dollernersc.de\/?page_id=182#primaryimage","url":"https:\/\/dollernersc.de\/wp-content\/uploads\/2022\/06\/K1600_P1480068.jpg","contentUrl":"https:\/\/dollernersc.de\/wp-content\/uploads\/2022\/06\/K1600_P1480068.jpg","width":1920,"height":1080},{"@type":"BreadcrumbList","@id":"https:\/\/dollernersc.de\/?page_id=182#breadcrumb","itemListElement":[{"@type":"ListItem","position":1,"name":"Startseite","item":"https:\/\/dollernersc.de\/"},{"@type":"ListItem","position":2,"name":"Mannschaft"}]},{"@type":"WebSite","@id":"https:\/\/dollernersc.de\/#website","url":"https:\/\/dollernersc.de\/","name":"Dollerner Sport-Club e.V.","description":"","potentialAction":[{"@type":"SearchAction","target":{"@type":"EntryPoint","urlTemplate":"https:\/\/dollernersc.de\/?s={search_term_string}"},"query-input":"required name=search_term_string"}],"inLanguage":"de"}]}},"_links":{"self":[{"href":"https:\/\/dollernersc.de\/index.php?rest_route=\/wp\/v2\/pages\/182"}],"collection":[{"href":"https:\/\/dollernersc.de\/index.php?rest_route=\/wp\/v2\/pages"}],"about":[{"href":"https:\/\/dollernersc.de\/index.php?rest_route=\/wp\/v2\/types\/page"}],"author":[{"embeddable":true,"href":"https:\/\/dollernersc.de\/index.php?rest_route=\/wp\/v2\/users\/1"}],"replies":[{"embeddable":true,"href":"https:\/\/dollernersc.de\/index.php?rest_route=%2Fwp%2Fv2%2Fcomments&post=182"}],"version-history":[{"count":8,"href":"https:\/\/dollernersc.de\/index.php?rest_route=\/wp\/v2\/pages\/182\/revisions"}],"predecessor-version":[{"id":5690,"href":"https:\/\/dollernersc.de\/index.php?rest_route=\/wp\/v2\/pages\/182\/revisions\/5690"}],"wp:attachment":[{"href":"https:\/\/dollernersc.de\/index.php?rest_route=%2Fwp%2Fv2%2Fmedia&parent=182"}],"curies":[{"name":"wp","href":"https:\/\/api.w.org\/{rel}","templated":true}]}}