{"id":1283,"date":"2016-06-09T18:42:13","date_gmt":"2016-06-09T18:42:13","guid":{"rendered":"http:\/\/ferienwohnungen-dollern.de\/?page_id=1283"},"modified":"2024-08-17T08:42:01","modified_gmt":"2024-08-17T06:42:01","slug":"ballgewoehnung","status":"publish","type":"page","link":"https:\/\/dollernersc.de\/?page_id=1283","title":{"rendered":"Fu\u00dfballjugend-Abteilung"},"content":{"rendered":"\n<h1 class=\"wp-block-heading has-text-align-center\">Wir stellen uns vor<\/h1>\n\n\n<div class=\"wp-block-image\">\n<figure class=\"aligncenter size-large is-resized\"><img loading=\"lazy\" decoding=\"async\" width=\"1024\" height=\"1024\" src=\"https:\/\/dollernersc.de\/wp-content\/uploads\/2023\/09\/Sport-Verein-Logo_V3-1024x1024.png\" alt=\"\" class=\"wp-image-5802\" style=\"width:263px;height:263px\" srcset=\"https:\/\/dollernersc.de\/wp-content\/uploads\/2023\/09\/Sport-Verein-Logo_V3-1024x1024.png 1024w, https:\/\/dollernersc.de\/wp-content\/uploads\/2023\/09\/Sport-Verein-Logo_V3-300x300.png 300w, https:\/\/dollernersc.de\/wp-content\/uploads\/2023\/09\/Sport-Verein-Logo_V3-150x150.png 150w, https:\/\/dollernersc.de\/wp-content\/uploads\/2023\/09\/Sport-Verein-Logo_V3-768x768.png 768w, https:\/\/dollernersc.de\/wp-content\/uploads\/2023\/09\/Sport-Verein-Logo_V3-480x480.png 480w, https:\/\/dollernersc.de\/wp-content\/uploads\/2023\/09\/Sport-Verein-Logo_V3-600x600.png 600w, https:\/\/dollernersc.de\/wp-content\/uploads\/2023\/09\/Sport-Verein-Logo_V3-1536x1536.png 1536w, https:\/\/dollernersc.de\/wp-content\/uploads\/2023\/09\/Sport-Verein-Logo_V3-2048x2048.png 2048w\" sizes=\"(max-width: 1024px) 100vw, 1024px\" \/><\/figure><\/div>\n\n\n<p class=\"has-text-align-center\">Seit Juli 2022 sind wir in allen Jahrg\u00e4ngen eine <strong>Jugendspielgemeinschaft<\/strong> mit dem SSV Hagen eingegangen. Ein Ziel dieser Spielgemeinschaft ist, dass wir so vielen Kindern wie m\u00f6glich ein altersgerechtes Fussball spielen erm\u00f6glichen k\u00f6nnen. Hierbei sollen die Kinder mit Spass und Freude an den Fussball herangef\u00fchrt werden.<\/p>\n\n\n\n<p class=\"has-text-align-center\"><strong>Sei dabei und spiele mit Freude und Spass Fu\u00dfball!<\/strong><br><br>Weiter unten findest du alle Mannschaften die zur Zeit unter dem Namen JSG DOLLERN\/HAGEN auftreten. Wenn du Interesse an einem Probetraining hast, kontaktiere bitte vorher den jeweiligen Ansprechpartner um die aktuellen Trainingsdaten zu erfragen.<\/p>\n\n\n\n<hr>\n\n\n\n<p class=\"has-text-align-center\"><strong>Ballgew\u00f6hnung<\/strong> <strong>Jahrgang 2018-2019<\/strong><br><br><strong>Feldsaison<\/strong><br>Montag: 16:00 &#8211; 16:45 Uhr in Dollern (Guido Fl\u00f6totto)<br>Donnerstag: 16:00 &#8211; 17:00 Uhr in Hagen (Tino Hartlef)<br><br><strong>Hallensaison<\/strong><br>in Kl\u00e4rung<br><br><strong>Trainer<\/strong>: Guido Fl\u00f6totto, Tino Hartlef, Heiner Prinzhorn<br><strong>Ansprechpartner<\/strong>: Guido Fl\u00f6totto &#8211; 0173 5931038, Tino Hartlef<\/p>\n\n\n\n<hr>\n\n\n\n<p class=\"has-text-align-center\"><strong>U8 Jahrgang 2017<\/strong><br><br><strong>Feldsaison<\/strong><br>Montag: 17:00-18:00 Uhr<br><br><strong>Hallensaison<\/strong><br>in Kl\u00e4rung<br><br>Training und Spielbetrieb (Kinderfussball)<br><br><strong>Trainer<\/strong>: Heiner Prinzhorn<br><strong>Ansprechpartner<\/strong>: Heiner Prinzhorn &#8211; 0151 15617568<\/p>\n\n\n\n<hr>\n\n\n\n<p class=\"has-text-align-center\"><strong>U9 Jahrgang 2016<\/strong><\/p>\n\n\n\n<p class=\"has-text-align-center\"><strong>Feldsaison<\/strong><br>Montag: 17:00 &#8211; 18:30 Uhr<br>Donnerstag: 17:00-18:30 Uhr<\/p>\n\n\n\n<p class=\"has-text-align-center\"><strong>Hallensaison<\/strong><br>in Kl\u00e4rung<\/p>\n\n\n\n<p class=\"has-text-align-center\">Training und Spielbetrieb<\/p>\n\n\n\n<p class=\"has-text-align-center\"><strong>Trainer<\/strong>: Heiko Westphal, David Szczudlo<br><strong>Ansprechpartner<\/strong>: Heiko Westphal &#8211; 0170 3722292<\/p>\n\n\n\n<hr>\n\n\n\n<p class=\"has-text-align-center\"><strong>U10 Jahrgang 2015<\/strong><\/p>\n\n\n\n<p class=\"has-text-align-center\"><strong>Feldsaison<\/strong><br>Montag: 17:00 &#8211; 18:30 Uhr<br>Donnerstag: 17:00 &#8211; 18:30 Uhr<\/p>\n\n\n\n<p class=\"has-text-align-center\"><strong>Hallensaison<\/strong><br>in Kl\u00e4rung<\/p>\n\n\n\n<p class=\"has-text-align-center\">Training und Spielbetrieb<br><br><strong>Trainer<\/strong>: David Szczudlo, Andre Koch, Rene Sips<br><strong>Ansprechpartner<\/strong>: David Szczudlo &#8211; 0174 1756705<\/p>\n\n\n\n<hr>\n\n\n\n<p class=\"has-text-align-center\"><strong><strong>U12 Jahrgang 2013\/2014<\/strong><\/strong><br><br><strong>Feldsaison<\/strong><br>Dienstags: 17:00 &#8211; 18:30 Uhr<br>Donnerstag: 17:00-18:30 Uhr<br><br>Hallensaison<br>in Kl\u00e4rung<br><br>Training und Spielbetrieb<br><br><strong>Trainer<\/strong>: Ivan Ruiz<br><strong>Ansprechpartner<\/strong>: Ivan Ruiz &#8211; Mellyssvhagen@outlook.de<\/p>\n\n\n\n<hr>\n\n\n\n<p class=\"has-text-align-center\"><strong>U15 Jahrgang 2010-2012<\/strong><br>Training und Spielbetrieb<br><strong>Trainerin<\/strong>: Sandra Mencke<br><strong>Ansprechpartner<\/strong>: Sandra Mencke &#8211; 04141 7882649<\/p>\n\n\n\n<hr>\n\n\n<div class=\"wp-block-image\">\n<figure class=\"aligncenter size-medium\"><a href=\"https:\/\/dollernersc.de\/?page_id=332\"><img loading=\"lazy\" decoding=\"async\" width=\"300\" height=\"47\" src=\"https:\/\/dollernersc.de\/wp-content\/uploads\/2020\/05\/Unbenannt-1-01-768x121-1-300x47.png\" alt=\"\" class=\"wp-image-4910\" srcset=\"https:\/\/dollernersc.de\/wp-content\/uploads\/2020\/05\/Unbenannt-1-01-768x121-1-300x47.png 300w, https:\/\/dollernersc.de\/wp-content\/uploads\/2020\/05\/Unbenannt-1-01-768x121-1.png 768w\" sizes=\"(max-width: 300px) 100vw, 300px\" \/><\/a><\/figure><\/div>\n\n\n<p class=\"has-text-align-center\"><strong>+++Nicht-Mitglieder<\/strong> haben jederzeit die M\u00f6glichkeit <strong>kostenlos zur Probe<\/strong> mitzutrainieren. Kommt einfach vorbei, oder wendet Euch an die jeweiligen \u00dcbungsleiter.+++<\/p>\n\n\n\n<div style=\"height:45px\" aria-hidden=\"true\" class=\"wp-block-spacer\"><\/div>\n\n\n\n<h1 class=\"wp-block-heading has-text-align-center\">Neuigkeiten<\/h1>\n\n\n\n<p class=\"has-text-align-center\"><article class=\"post\">\n    <div class=\"post-4647 post type-post status-publish format-standard has-post-thumbnail hentry category-fussball-jugend category-kinder-fussball\"  id=\"post-4647\">\n      \n    <figure>\n         \n        <ul class=\"sporty-masonry-cats\">\n            <li><a href=\"https:\/\/dollernersc.de\/?cat=55\" rel=\"category\">Fu\u00dfball-Jugend<\/a><\/li><li><a href=\"https:\/\/dollernersc.de\/?cat=56\" rel=\"category\">Kinder-Fu\u00dfball<\/a><\/li>\n        <\/ul>\n                <a href=\"https:\/\/dollernersc.de\/?p=4647\">\n                        <img decoding=\"async\" src=\"https:\/\/dollernersc.de\/wp-content\/uploads\/2020\/02\/Turnier-Fussball-768x428.jpeg\" alt=\"Jugend: Fu\u00dfballer auch diese Woche wieder am Ball in Ahlerstedt\" \/>  \n        <\/a>\n    <\/figure>\n            <div class=\"postbox\"> \n            <div class=\"date-without-thumb\"><a class=\"postbox-date\" href=\"https:\/\/dollernersc.de\/?p=4647\">23. Februar 2020<\/a><\/div> \n            <h3>\n                <a href=\"https:\/\/dollernersc.de\/?p=4647\">Jugend: Fu\u00dfballer auch diese Woche wieder am Ball in Ahlerstedt<\/a>\n            <\/h3>\n            <p>Fu\u00dfballer auch diese Woche wieder am Ball in Ahlerstedt Auch am Sonntag, den 23.2 waren die Fu\u00dfballer von Trainern David und Guido wieder am Ball und zwar dieses mal in&#8230;<\/p>\n        <\/div>    \n    <\/div>\n<\/article><article class=\"post\">\n    <div class=\"post-4618 post type-post status-publish format-standard hentry category-kinder-fussball\"  id=\"post-4618\">\n            <div class=\"postbox\"> \n            <div class=\"date-without-thumb\"><a class=\"postbox-date\" href=\"https:\/\/dollernersc.de\/?p=4618\">16. Februar 2020<\/a><\/div> \n            <h3>\n                <a href=\"https:\/\/dollernersc.de\/?p=4618\">Jugend: Fu\u00dfballer der G-Jugend beim Turnier in Hedendorf mit am Ball gewesen<\/a>\n            <\/h3>\n            <p>Beim Turnier in Hedendorf, veranstaltet von JFV Buxtehude, haben wir mit der G-Jugend den 3. Platz erreicht. Nach einer guten Vorrunde, 2:2 gegen den sp\u00e4teren Turniersieger JSG A\/O\/B\/H, 3:0 Sieg&#8230;<\/p>\n        <\/div>    \n    <\/div>\n<\/article><article class=\"post\">\n    <div class=\"post-3430 post type-post status-publish format-standard hentry category-fussball-jugend category-handball-minis category-handball-mje category-handball-wje category-kinder-fussball category-verein\"  id=\"post-3430\">\n            <div class=\"postbox\"> \n            <div class=\"date-without-thumb\"><a class=\"postbox-date\" href=\"https:\/\/dollernersc.de\/?p=3430\">6. Mai 2018<\/a><\/div> \n            <h3>\n                <a href=\"https:\/\/dollernersc.de\/?p=3430\">Jugendmannschaften: Zum Saisonabschluss wurde der Grill angeschmissen<\/a>\n            <\/h3>\n            <p>Zum Saisonabschluss wurde der Grill angeschmissen Am Sonntag Nachmittag, den 6.5.2018, standen noch zwei Jugendspiele von den Handballern der m\u00e4nnlichen und weiblichen Jugend E auf dem Zettel in der Dollerner&#8230;<\/p>\n        <\/div>    \n    <\/div>\n<\/article><article class=\"post\">\n    <div class=\"post-2646 post type-post status-publish format-standard has-post-thumbnail hentry category-fussball-jugend category-handball-minis category-kinder-fussball category-kinder-handball category-turnen category-verein\"  id=\"post-2646\">\n      \n    <figure>\n         \n        <ul class=\"sporty-masonry-cats\">\n            <li><a href=\"https:\/\/dollernersc.de\/?cat=55\" rel=\"category\">Fu\u00dfball-Jugend<\/a><\/li><li><a href=\"https:\/\/dollernersc.de\/?cat=47\" rel=\"category\">Handball-Minis<\/a><\/li><li><a href=\"https:\/\/dollernersc.de\/?cat=56\" rel=\"category\">Kinder-Fu\u00dfball<\/a><\/li><li><a href=\"https:\/\/dollernersc.de\/?cat=53\" rel=\"category\">Kinder-Handball<\/a><\/li><li><a href=\"https:\/\/dollernersc.de\/?cat=57\" rel=\"category\">Turnen<\/a><\/li><li><a href=\"https:\/\/dollernersc.de\/?cat=46\" rel=\"category\">Verein<\/a><\/li>\n        <\/ul>\n                <a href=\"https:\/\/dollernersc.de\/?p=2646\">\n                        <img decoding=\"async\" src=\"https:\/\/dollernersc.de\/wp-content\/uploads\/2020\/05\/K1600_P1230638-768x576-1-768x428.jpg\" alt=\"Attraktives Sportangebot f\u00fcr junge Familien l\u00e4sst den Dollerner SC wachsen\" \/>  \n        <\/a>\n    <\/figure>\n            <div class=\"postbox\"> \n            <div class=\"date-without-thumb\"><a class=\"postbox-date\" href=\"https:\/\/dollernersc.de\/?p=2646\">19. Juni 2017<\/a><\/div> \n            <h3>\n                <a href=\"https:\/\/dollernersc.de\/?p=2646\">Attraktives Sportangebot f\u00fcr junge Familien l\u00e4sst den Dollerner SC wachsen<\/a>\n            <\/h3>\n            <p>Attraktives Sportangebot f\u00fcr junge Familien l\u00e4sst den Dollerner SC wachsen Donnerstag, es ist 15:45 Uhr in der Dollerner Mehrzweckhalle im Tannenweg, \u00fcber 40 junge Kinder im Alter von 1-4 Jahren&#8230;<\/p>\n        <\/div>    \n    <\/div>\n<\/article><!-- VIEW ALL BUTTON -->\r\n<div class=\"blogpager\">\r\n    <a href=\"https:\/\/dollernersc.de\/?cat=56\">View All <i class=\"fa fa-long-arrow-right\"><\/i><\/a>\r\n<\/div>\r\n\n","protected":false},"excerpt":{"rendered":"<p>Wir stellen uns vor Seit Juli 2022 sind wir in allen Jahrg\u00e4ngen eine Jugendspielgemeinschaft mit dem SSV Hagen eingegangen. Ein Ziel dieser Spielgemeinschaft ist, dass wir so vielen Kindern wie&#8230;<\/p>\n","protected":false},"author":1,"featured_media":0,"parent":0,"menu_order":0,"comment_status":"closed","ping_status":"closed","template":"page-with-sidebar.php","meta":{"footnotes":""},"yoast_head":"<!-- This site is optimized with the Yoast SEO plugin v22.9 - https:\/\/yoast.com\/wordpress\/plugins\/seo\/ -->\n<title>Fu\u00dfballjugend-Abteilung - Dollerner Sport-Club e.V.<\/title>\n<meta name=\"robots\" content=\"index, follow, max-snippet:-1, max-image-preview:large, max-video-preview:-1\" \/>\n<link rel=\"canonical\" href=\"https:\/\/dollernersc.de\/?page_id=1283\" \/>\n<meta property=\"og:locale\" content=\"de_DE\" \/>\n<meta property=\"og:type\" content=\"article\" \/>\n<meta property=\"og:title\" content=\"Fu\u00dfballjugend-Abteilung - Dollerner Sport-Club e.V.\" \/>\n<meta property=\"og:description\" content=\"Wir stellen uns vor Seit Juli 2022 sind wir in allen Jahrg\u00e4ngen eine Jugendspielgemeinschaft mit dem SSV Hagen eingegangen. Ein Ziel dieser Spielgemeinschaft ist, dass wir so vielen Kindern wie...\" \/>\n<meta property=\"og:url\" content=\"https:\/\/dollernersc.de\/?page_id=1283\" \/>\n<meta property=\"og:site_name\" content=\"Dollerner Sport-Club e.V.\" \/>\n<meta property=\"article:modified_time\" content=\"2024-08-17T06:42:01+00:00\" \/>\n<meta property=\"og:image\" content=\"https:\/\/dollernersc.de\/wp-content\/uploads\/2023\/09\/Sport-Verein-Logo_V3-1024x1024.png\" \/>\n<meta name=\"twitter:card\" content=\"summary_large_image\" \/>\n<meta name=\"twitter:label1\" content=\"Gesch\u00e4tzte Lesezeit\" \/>\n\t<meta name=\"twitter:data1\" content=\"2\u00a0Minuten\" \/>\n<script type=\"application\/ld+json\" class=\"yoast-schema-graph\">{\"@context\":\"https:\/\/schema.org\",\"@graph\":[{\"@type\":\"WebPage\",\"@id\":\"https:\/\/dollernersc.de\/?page_id=1283\",\"url\":\"https:\/\/dollernersc.de\/?page_id=1283\",\"name\":\"Fu\u00dfballjugend-Abteilung - Dollerner Sport-Club e.V.\",\"isPartOf\":{\"@id\":\"https:\/\/dollernersc.de\/#website\"},\"primaryImageOfPage\":{\"@id\":\"https:\/\/dollernersc.de\/?page_id=1283#primaryimage\"},\"image\":{\"@id\":\"https:\/\/dollernersc.de\/?page_id=1283#primaryimage\"},\"thumbnailUrl\":\"https:\/\/dollernersc.de\/wp-content\/uploads\/2023\/09\/Sport-Verein-Logo_V3-1024x1024.png\",\"datePublished\":\"2016-06-09T18:42:13+00:00\",\"dateModified\":\"2024-08-17T06:42:01+00:00\",\"breadcrumb\":{\"@id\":\"https:\/\/dollernersc.de\/?page_id=1283#breadcrumb\"},\"inLanguage\":\"de\",\"potentialAction\":[{\"@type\":\"ReadAction\",\"target\":[\"https:\/\/dollernersc.de\/?page_id=1283\"]}]},{\"@type\":\"ImageObject\",\"inLanguage\":\"de\",\"@id\":\"https:\/\/dollernersc.de\/?page_id=1283#primaryimage\",\"url\":\"https:\/\/dollernersc.de\/wp-content\/uploads\/2023\/09\/Sport-Verein-Logo_V3.png\",\"contentUrl\":\"https:\/\/dollernersc.de\/wp-content\/uploads\/2023\/09\/Sport-Verein-Logo_V3.png\",\"width\":4000,\"height\":4000},{\"@type\":\"BreadcrumbList\",\"@id\":\"https:\/\/dollernersc.de\/?page_id=1283#breadcrumb\",\"itemListElement\":[{\"@type\":\"ListItem\",\"position\":1,\"name\":\"Startseite\",\"item\":\"https:\/\/dollernersc.de\/\"},{\"@type\":\"ListItem\",\"position\":2,\"name\":\"Fu\u00dfballjugend-Abteilung\"}]},{\"@type\":\"WebSite\",\"@id\":\"https:\/\/dollernersc.de\/#website\",\"url\":\"https:\/\/dollernersc.de\/\",\"name\":\"Dollerner Sport-Club e.V.\",\"description\":\"\",\"potentialAction\":[{\"@type\":\"SearchAction\",\"target\":{\"@type\":\"EntryPoint\",\"urlTemplate\":\"https:\/\/dollernersc.de\/?s={search_term_string}\"},\"query-input\":\"required name=search_term_string\"}],\"inLanguage\":\"de\"}]}<\/script>\n<!-- \/ Yoast SEO plugin. -->","yoast_head_json":{"title":"Fu\u00dfballjugend-Abteilung - Dollerner Sport-Club e.V.","robots":{"index":"index","follow":"follow","max-snippet":"max-snippet:-1","max-image-preview":"max-image-preview:large","max-video-preview":"max-video-preview:-1"},"canonical":"https:\/\/dollernersc.de\/?page_id=1283","og_locale":"de_DE","og_type":"article","og_title":"Fu\u00dfballjugend-Abteilung - Dollerner Sport-Club e.V.","og_description":"Wir stellen uns vor Seit Juli 2022 sind wir in allen Jahrg\u00e4ngen eine Jugendspielgemeinschaft mit dem SSV Hagen eingegangen. Ein Ziel dieser Spielgemeinschaft ist, dass wir so vielen Kindern wie...","og_url":"https:\/\/dollernersc.de\/?page_id=1283","og_site_name":"Dollerner Sport-Club e.V.","article_modified_time":"2024-08-17T06:42:01+00:00","og_image":[{"url":"https:\/\/dollernersc.de\/wp-content\/uploads\/2023\/09\/Sport-Verein-Logo_V3-1024x1024.png"}],"twitter_card":"summary_large_image","twitter_misc":{"Gesch\u00e4tzte Lesezeit":"2\u00a0Minuten"},"schema":{"@context":"https:\/\/schema.org","@graph":[{"@type":"WebPage","@id":"https:\/\/dollernersc.de\/?page_id=1283","url":"https:\/\/dollernersc.de\/?page_id=1283","name":"Fu\u00dfballjugend-Abteilung - Dollerner Sport-Club e.V.","isPartOf":{"@id":"https:\/\/dollernersc.de\/#website"},"primaryImageOfPage":{"@id":"https:\/\/dollernersc.de\/?page_id=1283#primaryimage"},"image":{"@id":"https:\/\/dollernersc.de\/?page_id=1283#primaryimage"},"thumbnailUrl":"https:\/\/dollernersc.de\/wp-content\/uploads\/2023\/09\/Sport-Verein-Logo_V3-1024x1024.png","datePublished":"2016-06-09T18:42:13+00:00","dateModified":"2024-08-17T06:42:01+00:00","breadcrumb":{"@id":"https:\/\/dollernersc.de\/?page_id=1283#breadcrumb"},"inLanguage":"de","potentialAction":[{"@type":"ReadAction","target":["https:\/\/dollernersc.de\/?page_id=1283"]}]},{"@type":"ImageObject","inLanguage":"de","@id":"https:\/\/dollernersc.de\/?page_id=1283#primaryimage","url":"https:\/\/dollernersc.de\/wp-content\/uploads\/2023\/09\/Sport-Verein-Logo_V3.png","contentUrl":"https:\/\/dollernersc.de\/wp-content\/uploads\/2023\/09\/Sport-Verein-Logo_V3.png","width":4000,"height":4000},{"@type":"BreadcrumbList","@id":"https:\/\/dollernersc.de\/?page_id=1283#breadcrumb","itemListElement":[{"@type":"ListItem","position":1,"name":"Startseite","item":"https:\/\/dollernersc.de\/"},{"@type":"ListItem","position":2,"name":"Fu\u00dfballjugend-Abteilung"}]},{"@type":"WebSite","@id":"https:\/\/dollernersc.de\/#website","url":"https:\/\/dollernersc.de\/","name":"Dollerner Sport-Club e.V.","description":"","potentialAction":[{"@type":"SearchAction","target":{"@type":"EntryPoint","urlTemplate":"https:\/\/dollernersc.de\/?s={search_term_string}"},"query-input":"required name=search_term_string"}],"inLanguage":"de"}]}},"_links":{"self":[{"href":"https:\/\/dollernersc.de\/index.php?rest_route=\/wp\/v2\/pages\/1283"}],"collection":[{"href":"https:\/\/dollernersc.de\/index.php?rest_route=\/wp\/v2\/pages"}],"about":[{"href":"https:\/\/dollernersc.de\/index.php?rest_route=\/wp\/v2\/types\/page"}],"author":[{"embeddable":true,"href":"https:\/\/dollernersc.de\/index.php?rest_route=\/wp\/v2\/users\/1"}],"replies":[{"embeddable":true,"href":"https:\/\/dollernersc.de\/index.php?rest_route=%2Fwp%2Fv2%2Fcomments&post=1283"}],"version-history":[{"count":22,"href":"https:\/\/dollernersc.de\/index.php?rest_route=\/wp\/v2\/pages\/1283\/revisions"}],"predecessor-version":[{"id":5938,"href":"https:\/\/dollernersc.de\/index.php?rest_route=\/wp\/v2\/pages\/1283\/revisions\/5938"}],"wp:attachment":[{"href":"https:\/\/dollernersc.de\/index.php?rest_route=%2Fwp%2Fv2%2Fmedia&parent=1283"}],"curies":[{"name":"wp","href":"https:\/\/api.w.org\/{rel}","templated":true}]}}